{"id":4234,"date":"2023-07-18T20:29:45","date_gmt":"2023-07-18T17:29:45","guid":{"rendered":"https:\/\/bionalis.ringys.lt\/privatumo-politika\/"},"modified":"2023-08-11T14:25:28","modified_gmt":"2023-08-11T11:25:28","slug":"privatumo-politika","status":"publish","type":"page","link":"https:\/\/www.bionalis.lt\/lt\/privatumo-politika\/","title":{"rendered":"Privatumo politika"},"content":{"rendered":"\t\t<div data-elementor-type=\"wp-page\" data-elementor-id=\"4234\" class=\"elementor elementor-4234 elementor-3\" data-elementor-post-type=\"page\">\n\t\t\t\t\t\t\t<div class=\"elementor-element elementor-element-2cea93e e-flex e-con-boxed e-con\" data-id=\"2cea93e\" data-element_type=\"container\" data-settings=\"{&quot;content_width&quot;:&quot;boxed&quot;}\">\n\t\t\t\t\t<div class=\"e-con-inner\">\n\t\t\t\t<div class=\"elementor-element elementor-element-a8e41b4 elementor-widget elementor-widget-text-editor\" data-id=\"a8e41b4\" data-element_type=\"widget\" data-widget_type=\"text-editor.default\">\n\t\t\t\t<div class=\"elementor-widget-container\">\n\t\t\t<style>\/*! elementor - v3.15.0 - 09-08-2023 *\/\n.elementor-widget-text-editor.elementor-drop-cap-view-stacked .elementor-drop-cap{background-color:#69727d;color:#fff}.elementor-widget-text-editor.elementor-drop-cap-view-framed .elementor-drop-cap{color:#69727d;border:3px solid;background-color:transparent}.elementor-widget-text-editor:not(.elementor-drop-cap-view-default) .elementor-drop-cap{margin-top:8px}.elementor-widget-text-editor:not(.elementor-drop-cap-view-default) .elementor-drop-cap-letter{width:1em;height:1em}.elementor-widget-text-editor .elementor-drop-cap{float:left;text-align:center;line-height:1;font-size:50px}.elementor-widget-text-editor .elementor-drop-cap-letter{display:inline-block}<\/style>\t\t\t\t<div class=\"container\">\n<h5>1. BENDROSIOS NUOSTATOS <\/h5>\n<p>Bionalis, UAB nurodo, kad bendrov\u0117s valdoma internetin\u0117 svetain\u0117 \u201cBionalis.lt\u201d veikia pagal \u0161ioje Privatumo politikoje nurodytas taisykles ir s\u0105lygas. Taip pat Bionalis, UAB informuoja, kad \u0161i Privatumo politika reglamentuoja ir kliento asmens duomen\u0173 kaupim\u0105 bei tvarkym\u0105, t\u0173 duomen\u0173 naudojimo tikslus ir kaupimo priemones, internetin\u0117je svetain\u0117je \u201cBionalis.lt\u201d esan\u010dios informacijos publikavimo taisykles bei galimus paslaug\u0173 teikimo apribojimus.<\/p>\n<h5>2. KLIENTO TEIS\u0116S IR PAREIGOS<\/h5>\n<p>Klientas, naudodamasis Bionalis, UAB teikiamomis paslaugomis, pildydamas automatin\u0119 u\u017eklausos form\u0105 ar kokiu kitu b\u016bdu pateikdamas paslaugos teik\u0117jui bet kokius savo asmens duomenis bei nar\u0161ydamas internetin\u0117je svetain\u0117je bionalis.lt, sutinka, kad jo asmens duomenys bus tvarkomi pagal \u0161ios Privatumo politikos nuostatas ir nurodo, kad yra su jomis susipa\u017ein\u0119s. Kilus klausimams ar neai\u0161kumams, klientas visada turi teis\u0119 kreiptis \u012f paslaugos teik\u0117j\u0105, o pastarasis \u012fsipareigoja jam suteikti i\u0161sami\u0105 informacij\u0105.<\/p>\n<h5>3. INFORMACIJOS INTERNETIN\u0116JE SVETAIN\u0116JE PUBLIKAVIMAS<\/h5>\n<p>Bionalis, UAB pasilieka teis\u0119 be i\u0161ankstinio \u012fsp\u0117jimo, bet kuriuo metu keisti, atnaujinti ar visi\u0161kai pa\u0161alinti internetin\u0117je svetain\u0117je \u201cBionalis.lt\u201d esan\u010di\u0105 informacij\u0105.<\/p>\n<h5>4. KLIENTO ASMENS DUOMEN\u0172 TVARKYMO TAISYKL\u0116S<\/h5>\n<p>Bionalis, UAB nurodo, kad vykdo kai kuri\u0173 kliento asmens duomen\u0173 kaupim\u0105 ir tvarkym\u0105, ta\u010diau \u012fsipareigoja turimus duomenis naudoti tik paslaug\u0173 teikimo ar teikiam\u0173 paslaug\u0173 kokyb\u0117s gerinimo tikslais (atsakydama \u012f u\u017eklausas, teikdama pasi\u016blymus ar informacij\u0105 apie teikiam\u0173 paslaug\u0173 pasikeitimus, i\u0161ra\u0161ydama s\u0105skaitas, analizuodama klient\u0173 srautus ir j\u0173 poreikius bei kt.) Taip pat Bionalis, UAB \u012fsipareigoja turim\u0173 kliento asmens duomen\u0173 neatskleisti su paslaugos teikimu nesusijusiems asmenims, i\u0161skyrus tuos atvejus, kai prie\u0161ingai elgtis ver\u010dia \u012fstatymas.<\/p>\n<h5>5. KLIENTO ASMENS DUOMEN\u0172 TVARKYMO PRIEMON\u0116S<\/h5>\n<p>Bionalis, UAB kaupia ir tvarko tuos kliento asmens duomenis, kuriuos klientas nurodo si\u0173sdamas u\u017eklaus\u0105 ar kokiu kitu b\u016bdu susisiekdamas su paslaugos teik\u0117ju. Klient\u0173 srauto analiz\u0117 atliekama \u012f klient\u0173 \u012frenginius, kuriais nar\u0161oma internetin\u0117je svetain\u0117je \u201cBionalis.lt\u201d, diegiant slapukus.<\/p>\n<h5>6. TEIS\u0116 B\u016aTI PAMIR\u0160TAM<\/h5>\n<p>Klientas turi teis\u0119 reikalauti, kad jo duomenys b\u016bt\u0173 i\u0161trinti i\u0161 \u201cBionalis.lt\u201d svetain\u0117s. Reikalavim\u0105 d\u0117l duomen\u0173 i\u0161trynimo pateikti el. pa\u0161tu <a href=\"mailto:info@bionalis.lt\" target=\"_new\">info@bionalis.lt<\/a>. Reikalavimas el. pa\u0161tu turi b\u016bti i\u0161reik\u0161tas i\u0161 to pa\u010dio el. pa\u0161to, kuriuo yra u\u017esiregistruota svetain\u0117je \u201cBionalis.lt\u201d, prie\u0161ingu atveju kliento reikalavimas nebus vykdomas.<\/p>\n<h5>7. GALIMI PASLAUG\u0172 TEIKIMO APRIBOJIMAI<\/h5>\n<p>Bionalis, UAB nurodo, kad klientui atsisakius laikytis Privatumo politikoje nurodyt\u0173 taisykli\u0173 ar nesutinkant d\u0117l j\u0173 taikymo, paslaugos teik\u0117jas pasilieka teis\u0119 sustabdyti ar nutraukti paslaug\u0173 teikim\u0105. Taip pat \u0161ie apribojimai gali b\u016bti taikomi kilus \u012ftarimams d\u0117l pateikt\u0173 kliento asmens duomen\u0173 tikrumo ar klientui nevykdant \u012fsipareigojim\u0173.<\/p>\n<h5>8. KAS YRA SLAPUKAI IR KAM JIE NAUDOJAMI?<\/h5>\n<p>Slapukai (angl. cookies) \u2013 trumpa tekstin\u0117 informacija, kuri\u0105 svetain\u0117s patalpina jas nar\u0161an\u010di\u0173 vartotoj\u0173 kompiuteriuose ar kituose \u012frenginiuose. Priklausomai nuo nar\u0161ykl\u0117s, \u0161i informacija talpinama arba nedideliuose atskiruose failuose arba \u012fvairi\u0173 svetaini\u0173 \u012fra\u0161yt\u0173 slapuk\u0173 bendrame faile. Slapukus naudoja daugelis pa\u017eangi\u0173 internetini\u0173 svetaini\u0173 Lietuvoje ir u\u017esienyje. Slapukai gali b\u016bti patalpinti tik, jei t\u0105 leid\u017eia J\u016bs\u0173 \u012frenginio nustatymai.<\/p>\n<p>Bionalis, UAB svetain\u0117je slapukai naudojami tam, kad b\u016bt\u0173 galima nustatyti, ar asmenys i\u0161 J\u016bs\u0173 \u012frenginio jau lank\u0117si m\u016bs\u0173 svetain\u0117se, \u012fsiminti atliktus veiksmus, pateikti Jums aktualiausi\u0105 informacij\u0105, rinkti apibendrint\u0105 svetain\u0117s lankomumo statistik\u0105.<\/p>\n<h5>9. M\u016aS\u0172 SVETAIN\u0116JE NAUDOJAM\u0172 SLAPUK\u0172 S\u0104RA\u0160AS:<\/h5>\n<p>Slapuk\u0173 tipai:<\/p>\n<p>ry\u0161io seanso slapukai, nustatomi lankymosi Interneto tinklalapyje laikotarpiui iki u\u017edarant interneto nar\u0161ykl\u0119;<\/p>\n<p>nuolatiniai slapukai, saugomi ir nustatomi vartotojo kompiuteryje tam tikram laikui ir naudojami pakartotinai apsilankius Interneto tinklalapyje;<\/p>\n<p>tre\u010di\u0173j\u0173 \u0161ali\u0173 slapukai, nustatomi siekiant u\u017etikrinti kit\u0173 interneto tinklalapi\u0173 turinio atvaizdavim\u0105;<\/p>\n<p><strong><span style=\"text-decoration: underline;\"><a style=\"text-align: var(--text-align); background-color: #ffffff;\" href=\"#cookies-popup\" rel=\"noopener\">Slapuk\u0173 s\u0105ra\u0161as<\/a><\/span><\/strong><\/p>\n<h5><span style=\"color: inherit; font-family: inherit; font-size: 1.25rem; text-align: var(--text-align);\">10. ATSKIRI TIEK\u0116JAI: <\/span><\/h5>\n<p>Google Inc., 1600 Amphitheatre Parkway, Mountain View, CA 94043, JAV (toliau \u2013 \u201eGoogle\u201d). \u201eGoogle\u201c papildini\u0173 ap\u017evalg\u0105 galite per\u017ei\u016br\u0117ti \u010dia: <a href=\"http:\/\/www.developers.google.com\/\" target=\"_new\">www.developers.google.com<\/a>.<\/p>\n<p>Lankantis vienoje i\u0161 m\u016bs\u0173 svetaini\u0173, kurioje yra toks Papildinys, j\u016bs\u0173 nar\u0161ykl\u0117 sukurs tiesiogin\u0119 nuorod\u0105 \u012f atitinkamo teik\u0117jo serverius. Papildinio turin\u012f atitinkami teik\u0117jai tiesiogiai perduoda \u012f j\u016bs\u0173 nar\u0161ykl\u0119, kuri j\u012f \u012fterpia \u012f svetain\u0119.<\/p>\n<p>Integruodami Papildin\u012f teik\u0117jai gauna informacij\u0105, kad j\u016bs\u0173 nar\u0161ykl\u0117 pasiek\u0117 atitinkam\u0105 m\u016bs\u0173 svetain\u0117s puslap\u012f, net jei neturite profilio ar paskyros pas teik\u0117j\u0105 arba jei prieigos metu nesate prisijung\u0119. \u0160i informacija (\u012fskaitant IP adres\u0105) tiesiai i\u0161 j\u016bs\u0173 nar\u0161ykl\u0117s bus siun\u010diama \u012f atitinkamo teik\u0117jo server\u012f JAV ir ten saugoma.<\/p>\n<p>Jei turite profil\u012f arba paskyr\u0105 ir esate prisijung\u0119 lankydamiesi svetain\u0117je, atitinkamas teik\u0117jas j\u016bs\u0173 apsilankym\u0105 m\u016bs\u0173 svetain\u0117je gali tiesiogiai susieti su j\u016bs\u0173 profiliu ar paskyra. Jei atliekate veiksmus su Papildiniais, pvz., spustel\u0117jate \u201e+1\u201c mygtuk\u0105, atitinkama informacija bus tiesiogiai perduota \u012f atitinkamo teik\u0117jo server\u012f ir ten saugoma.<\/p>\n<p>Teik\u0117jai \u0161i\u0105 informacij\u0105 gali naudoti reklamos, rinkos tyrim\u0173 ir savo puslapi\u0173 k\u016brimo pagal poreikius tikslais. \u0160iam tikslui teik\u0117jai sukuria profilius, skirtus naudojimui, pom\u0117giams ir ry\u0161iams, pvz., siekiant \u012fvertinti j\u016bs\u0173 naudojim\u0105si m\u016bs\u0173 svetaine pagal atitinkamoje platformoje rodomas reklamas, prane\u0161ti kitiems vartotojams apie j\u016bs\u0173 veikl\u0105 m\u016bs\u0173 svetain\u0117je ir pateikti kitas paslaugas, susijusias su atitinkamos platformos naudojimu.<\/p>\n<p>Jei nenorite, kad teik\u0117jai per m\u016bs\u0173 svetain\u0119 surinktus duomenis susiet\u0173 su j\u016bs\u0173 profiliu ar paskyra, prie\u0161 lankydamiesi m\u016bs\u0173 svetain\u0117je turite atsijungti nuo atitinkamos platformos.<\/p>\n<p>Jei norite su\u017einoti daugiau apie teik\u0117j\u0173 \u0161i\u0173 duomen\u0173 rinkimo, apdorojimo ir naudojimo tikslus bei mast\u0105, j\u016bs\u0173 teises ir galimus privatumo apsaugos nustatymus, per\u017ei\u016br\u0117kite kiekvieno teik\u0117jo duomen\u0173 apsaugos politik\u0105:<\/p>\n<p>Google: policies.google.com\/privacy<\/p>\n<\/div>\n<div class=\"container\"> <\/div>\n\t\t\t\t\t\t<\/div>\n\t\t\t\t<\/div>\n\t\t\t\t\t<\/div>\n\t\t\t\t<\/div>\n\t\t\t\t\t\t\t<\/div>\n\t\t","protected":false},"excerpt":{"rendered":"<p>1. BENDROSIOS NUOSTATOS Bionalis, UAB nurodo, kad bendrov\u0117s valdoma internetin\u0117 svetain\u0117 \u201cBionalis.lt\u201d veikia pagal \u0161ioje Privatumo politikoje nurodytas taisykles ir s\u0105lygas. Taip pat Bionalis, UAB informuoja, kad \u0161i Privatumo politika reglamentuoja ir kliento asmens duomen\u0173 kaupim\u0105 bei tvarkym\u0105, t\u0173 duomen\u0173 naudojimo tikslus ir kaupimo priemones, internetin\u0117je svetain\u0117je \u201cBionalis.lt\u201d esan\u010dios informacijos publikavimo taisykles bei galimus paslaug\u0173 [&hellip;]<\/p>\n","protected":false},"author":1,"featured_media":0,"parent":0,"menu_order":0,"comment_status":"closed","ping_status":"open","template":"elementor_header_footer","meta":{"footnotes":""},"class_list":["post-4234","page","type-page","status-publish","hentry"],"yoast_head":"<!-- This site is optimized with the Yoast SEO plugin v27.4 - https:\/\/yoast.com\/product\/yoast-seo-wordpress\/ -->\n<title>Privatumo politika - Bionalis<\/title>\n<meta name=\"robots\" content=\"index, follow, max-snippet:-1, max-image-preview:large, max-video-preview:-1\" \/>\n<link rel=\"canonical\" href=\"https:\/\/www.bionalis.lt\/lt\/privatumo-politika\/\" \/>\n<meta property=\"og:locale\" content=\"lt_LT\" \/>\n<meta property=\"og:type\" content=\"article\" \/>\n<meta property=\"og:title\" content=\"Privatumo politika - Bionalis\" \/>\n<meta property=\"og:description\" content=\"1. BENDROSIOS NUOSTATOS Bionalis, UAB nurodo, kad bendrov\u0117s valdoma internetin\u0117 svetain\u0117 \u201cBionalis.lt\u201d veikia pagal \u0161ioje Privatumo politikoje nurodytas taisykles ir s\u0105lygas. Taip pat Bionalis, UAB informuoja, kad \u0161i Privatumo politika reglamentuoja ir kliento asmens duomen\u0173 kaupim\u0105 bei tvarkym\u0105, t\u0173 duomen\u0173 naudojimo tikslus ir kaupimo priemones, internetin\u0117je svetain\u0117je \u201cBionalis.lt\u201d esan\u010dios informacijos publikavimo taisykles bei galimus paslaug\u0173 [&hellip;]\" \/>\n<meta property=\"og:url\" content=\"https:\/\/www.bionalis.lt\/lt\/privatumo-politika\/\" \/>\n<meta property=\"og:site_name\" content=\"Bionalis\" \/>\n<meta property=\"article:modified_time\" content=\"2023-08-11T11:25:28+00:00\" \/>\n<meta name=\"twitter:card\" content=\"summary_large_image\" \/>\n<meta name=\"twitter:label1\" content=\"Est. reading time\" \/>\n\t<meta name=\"twitter:data1\" content=\"5 minut\u0117s\" \/>\n<script type=\"application\/ld+json\" class=\"yoast-schema-graph\">{\"@context\":\"https:\\\/\\\/schema.org\",\"@graph\":[{\"@type\":\"WebPage\",\"@id\":\"https:\\\/\\\/www.bionalis.lt\\\/lt\\\/privatumo-politika\\\/\",\"url\":\"https:\\\/\\\/www.bionalis.lt\\\/lt\\\/privatumo-politika\\\/\",\"name\":\"Privatumo politika - Bionalis\",\"isPartOf\":{\"@id\":\"https:\\\/\\\/www.bionalis.lt\\\/#website\"},\"datePublished\":\"2023-07-18T17:29:45+00:00\",\"dateModified\":\"2023-08-11T11:25:28+00:00\",\"breadcrumb\":{\"@id\":\"https:\\\/\\\/www.bionalis.lt\\\/lt\\\/privatumo-politika\\\/#breadcrumb\"},\"inLanguage\":\"lt-LT\",\"potentialAction\":[{\"@type\":\"ReadAction\",\"target\":[\"https:\\\/\\\/www.bionalis.lt\\\/lt\\\/privatumo-politika\\\/\"]}]},{\"@type\":\"BreadcrumbList\",\"@id\":\"https:\\\/\\\/www.bionalis.lt\\\/lt\\\/privatumo-politika\\\/#breadcrumb\",\"itemListElement\":[{\"@type\":\"ListItem\",\"position\":1,\"name\":\"\",\"item\":\"https:\\\/\\\/www.bionalis.lt\\\/lt\\\/\"},{\"@type\":\"ListItem\",\"position\":2,\"name\":\"Privatumo politika\"}]},{\"@type\":\"WebSite\",\"@id\":\"https:\\\/\\\/www.bionalis.lt\\\/#website\",\"url\":\"https:\\\/\\\/www.bionalis.lt\\\/\",\"name\":\"Bionalis\",\"description\":\"\",\"publisher\":{\"@id\":\"https:\\\/\\\/www.bionalis.lt\\\/#organization\"},\"potentialAction\":[{\"@type\":\"SearchAction\",\"target\":{\"@type\":\"EntryPoint\",\"urlTemplate\":\"https:\\\/\\\/www.bionalis.lt\\\/?s={search_term_string}\"},\"query-input\":{\"@type\":\"PropertyValueSpecification\",\"valueRequired\":true,\"valueName\":\"search_term_string\"}}],\"inLanguage\":\"lt-LT\"},{\"@type\":\"Organization\",\"@id\":\"https:\\\/\\\/www.bionalis.lt\\\/#organization\",\"name\":\"Bionalis\",\"url\":\"https:\\\/\\\/www.bionalis.lt\\\/\",\"logo\":{\"@type\":\"ImageObject\",\"inLanguage\":\"lt-LT\",\"@id\":\"https:\\\/\\\/www.bionalis.lt\\\/#\\\/schema\\\/logo\\\/image\\\/\",\"url\":\"https:\\\/\\\/www.bionalis.lt\\\/wp-content\\\/uploads\\\/2023\\\/07\\\/logo_Bionalis-1.svg\",\"contentUrl\":\"https:\\\/\\\/www.bionalis.lt\\\/wp-content\\\/uploads\\\/2023\\\/07\\\/logo_Bionalis-1.svg\",\"width\":600,\"height\":149,\"caption\":\"Bionalis\"},\"image\":{\"@id\":\"https:\\\/\\\/www.bionalis.lt\\\/#\\\/schema\\\/logo\\\/image\\\/\"}}]}<\/script>\n<!-- \/ Yoast SEO plugin. -->","yoast_head_json":{"title":"Privatumo politika - Bionalis","robots":{"index":"index","follow":"follow","max-snippet":"max-snippet:-1","max-image-preview":"max-image-preview:large","max-video-preview":"max-video-preview:-1"},"canonical":"https:\/\/www.bionalis.lt\/lt\/privatumo-politika\/","og_locale":"lt_LT","og_type":"article","og_title":"Privatumo politika - Bionalis","og_description":"1. BENDROSIOS NUOSTATOS Bionalis, UAB nurodo, kad bendrov\u0117s valdoma internetin\u0117 svetain\u0117 \u201cBionalis.lt\u201d veikia pagal \u0161ioje Privatumo politikoje nurodytas taisykles ir s\u0105lygas. Taip pat Bionalis, UAB informuoja, kad \u0161i Privatumo politika reglamentuoja ir kliento asmens duomen\u0173 kaupim\u0105 bei tvarkym\u0105, t\u0173 duomen\u0173 naudojimo tikslus ir kaupimo priemones, internetin\u0117je svetain\u0117je \u201cBionalis.lt\u201d esan\u010dios informacijos publikavimo taisykles bei galimus paslaug\u0173 [&hellip;]","og_url":"https:\/\/www.bionalis.lt\/lt\/privatumo-politika\/","og_site_name":"Bionalis","article_modified_time":"2023-08-11T11:25:28+00:00","twitter_card":"summary_large_image","twitter_misc":{"Est. reading time":"5 minut\u0117s"},"schema":{"@context":"https:\/\/schema.org","@graph":[{"@type":"WebPage","@id":"https:\/\/www.bionalis.lt\/lt\/privatumo-politika\/","url":"https:\/\/www.bionalis.lt\/lt\/privatumo-politika\/","name":"Privatumo politika - Bionalis","isPartOf":{"@id":"https:\/\/www.bionalis.lt\/#website"},"datePublished":"2023-07-18T17:29:45+00:00","dateModified":"2023-08-11T11:25:28+00:00","breadcrumb":{"@id":"https:\/\/www.bionalis.lt\/lt\/privatumo-politika\/#breadcrumb"},"inLanguage":"lt-LT","potentialAction":[{"@type":"ReadAction","target":["https:\/\/www.bionalis.lt\/lt\/privatumo-politika\/"]}]},{"@type":"BreadcrumbList","@id":"https:\/\/www.bionalis.lt\/lt\/privatumo-politika\/#breadcrumb","itemListElement":[{"@type":"ListItem","position":1,"name":"","item":"https:\/\/www.bionalis.lt\/lt\/"},{"@type":"ListItem","position":2,"name":"Privatumo politika"}]},{"@type":"WebSite","@id":"https:\/\/www.bionalis.lt\/#website","url":"https:\/\/www.bionalis.lt\/","name":"Bionalis","description":"","publisher":{"@id":"https:\/\/www.bionalis.lt\/#organization"},"potentialAction":[{"@type":"SearchAction","target":{"@type":"EntryPoint","urlTemplate":"https:\/\/www.bionalis.lt\/?s={search_term_string}"},"query-input":{"@type":"PropertyValueSpecification","valueRequired":true,"valueName":"search_term_string"}}],"inLanguage":"lt-LT"},{"@type":"Organization","@id":"https:\/\/www.bionalis.lt\/#organization","name":"Bionalis","url":"https:\/\/www.bionalis.lt\/","logo":{"@type":"ImageObject","inLanguage":"lt-LT","@id":"https:\/\/www.bionalis.lt\/#\/schema\/logo\/image\/","url":"https:\/\/www.bionalis.lt\/wp-content\/uploads\/2023\/07\/logo_Bionalis-1.svg","contentUrl":"https:\/\/www.bionalis.lt\/wp-content\/uploads\/2023\/07\/logo_Bionalis-1.svg","width":600,"height":149,"caption":"Bionalis"},"image":{"@id":"https:\/\/www.bionalis.lt\/#\/schema\/logo\/image\/"}}]}},"_links":{"self":[{"href":"https:\/\/www.bionalis.lt\/lt\/wp-json\/wp\/v2\/pages\/4234","targetHints":{"allow":["GET"]}}],"collection":[{"href":"https:\/\/www.bionalis.lt\/lt\/wp-json\/wp\/v2\/pages"}],"about":[{"href":"https:\/\/www.bionalis.lt\/lt\/wp-json\/wp\/v2\/types\/page"}],"author":[{"embeddable":true,"href":"https:\/\/www.bionalis.lt\/lt\/wp-json\/wp\/v2\/users\/1"}],"replies":[{"embeddable":true,"href":"https:\/\/www.bionalis.lt\/lt\/wp-json\/wp\/v2\/comments?post=4234"}],"version-history":[{"count":32,"href":"https:\/\/www.bionalis.lt\/lt\/wp-json\/wp\/v2\/pages\/4234\/revisions"}],"predecessor-version":[{"id":4320,"href":"https:\/\/www.bionalis.lt\/lt\/wp-json\/wp\/v2\/pages\/4234\/revisions\/4320"}],"wp:attachment":[{"href":"https:\/\/www.bionalis.lt\/lt\/wp-json\/wp\/v2\/media?parent=4234"}],"curies":[{"name":"wp","href":"https:\/\/api.w.org\/{rel}","templated":true}]}}