{"id":4605,"date":"2023-08-22T12:23:38","date_gmt":"2023-08-22T09:23:38","guid":{"rendered":"https:\/\/www.bionalis.lt\/?page_id=4605"},"modified":"2023-08-28T17:08:17","modified_gmt":"2023-08-28T14:08:17","slug":"plokstes","status":"publish","type":"page","link":"https:\/\/www.bionalis.lt\/lt\/mycelium-produktai\/plokstes\/","title":{"rendered":"Plok\u0161t\u0117s"},"content":{"rendered":"\t\t<div data-elementor-type=\"wp-page\" data-elementor-id=\"4605\" class=\"elementor elementor-4605 elementor-4604\" data-elementor-post-type=\"page\">\n\t\t\t\t\t\t\t<div class=\"elementor-element elementor-element-745de3c e-flex e-con-boxed e-con\" data-id=\"745de3c\" data-element_type=\"container\" data-settings=\"{&quot;content_width&quot;:&quot;boxed&quot;}\">\n\t\t\t\t\t<div class=\"e-con-inner\">\n\t\t\t\t<div class=\"elementor-element elementor-element-f964738 elementor-align-left elementor-widget elementor-widget-breadcrumbs\" data-id=\"f964738\" data-element_type=\"widget\" data-widget_type=\"breadcrumbs.default\">\n\t\t\t\t<div class=\"elementor-widget-container\">\n\t\t\t<link rel=\"stylesheet\" href=\"https:\/\/www.bionalis.lt\/wp-content\/plugins\/pro-elements\/assets\/css\/widget-theme-elements.min.css\"><p id=\"breadcrumbs\"><span><span><a href=\"https:\/\/www.bionalis.lt\/lt\/\"><i class=\"icon-house\"><\/i><\/a><\/span><\/span><\/p>\t\t<\/div>\n\t\t\t\t<\/div>\n\t\t\t\t\t<\/div>\n\t\t\t\t<\/div>\n\t\t<div class=\"elementor-element elementor-element-d3d441d e-flex e-con-boxed e-con\" data-id=\"d3d441d\" data-element_type=\"container\" data-settings=\"{&quot;content_width&quot;:&quot;boxed&quot;}\">\n\t\t\t\t\t<div class=\"e-con-inner\">\n\t\t\t\t<div class=\"elementor-element elementor-element-2b389ce elementor-widget elementor-widget-heading\" data-id=\"2b389ce\" data-element_type=\"widget\" data-widget_type=\"heading.default\">\n\t\t\t\t<div class=\"elementor-widget-container\">\n\t\t\t<style>\/*! elementor - v3.15.0 - 09-08-2023 *\/\n.elementor-heading-title{padding:0;margin:0;line-height:1}.elementor-widget-heading .elementor-heading-title[class*=elementor-size-]>a{color:inherit;font-size:inherit;line-height:inherit}.elementor-widget-heading .elementor-heading-title.elementor-size-small{font-size:15px}.elementor-widget-heading .elementor-heading-title.elementor-size-medium{font-size:19px}.elementor-widget-heading .elementor-heading-title.elementor-size-large{font-size:29px}.elementor-widget-heading .elementor-heading-title.elementor-size-xl{font-size:39px}.elementor-widget-heading .elementor-heading-title.elementor-size-xxl{font-size:59px}<\/style><h1 class=\"elementor-heading-title elementor-size-default\">Sienin\u0117s plok\u0161t\u0117s<\/h1>\t\t<\/div>\n\t\t\t\t<\/div>\n\t\t\t\t<div class=\"elementor-element elementor-element-90e92ed clamp category-description elementor-widget elementor-widget-text-editor\" data-id=\"90e92ed\" data-element_type=\"widget\" data-widget_type=\"text-editor.default\">\n\t\t\t\t<div class=\"elementor-widget-container\">\n\t\t\t<style>\/*! elementor - v3.15.0 - 09-08-2023 *\/\n.elementor-widget-text-editor.elementor-drop-cap-view-stacked .elementor-drop-cap{background-color:#69727d;color:#fff}.elementor-widget-text-editor.elementor-drop-cap-view-framed .elementor-drop-cap{color:#69727d;border:3px solid;background-color:transparent}.elementor-widget-text-editor:not(.elementor-drop-cap-view-default) .elementor-drop-cap{margin-top:8px}.elementor-widget-text-editor:not(.elementor-drop-cap-view-default) .elementor-drop-cap-letter{width:1em;height:1em}.elementor-widget-text-editor .elementor-drop-cap{float:left;text-align:center;line-height:1;font-size:50px}.elementor-widget-text-editor .elementor-drop-cap-letter{display:inline-block}<\/style>\t\t\t\t<p>Grybienos technologijos pagrindu pagamintos plok\u0161t\u0117s yra nat\u016brali ir ekologi\u0161ka tradicini\u0173 statybini\u0173 med\u017eiag\u0173 alternatyva. \u0160ios plok\u0161t\u0117s gaminamos naudojant organines med\u017eiagas ir pa\u017eangi\u0105 grybienos technologij\u0105, tod\u0117l sukuriamas unikalus ir tvarus statybos elementas. Naudojamos sienoms, luboms, pertvaroms ar kitiems architekt\u016briniams elementams, plok\u0161t\u0117s bet kuriai erdvei suteikia nat\u016bralios elegancijos.<\/p>\t\t\t\t\t\t<\/div>\n\t\t\t\t<\/div>\n\t\t\t\t<div class=\"elementor-element elementor-element-2503813 hide category-description-more elementor-widget elementor-widget-button\" data-id=\"2503813\" data-element_type=\"widget\" data-widget_type=\"button.default\">\n\t\t\t\t<div class=\"elementor-widget-container\">\n\t\t\t\t\t<div class=\"elementor-button-wrapper\">\n\t\t\t<a class=\"elementor-button elementor-button-link elementor-size-sm\" href=\"#\">\n\t\t\t\t\t\t<span class=\"elementor-button-content-wrapper\">\n\t\t\t\t\t\t<span class=\"elementor-button-icon elementor-align-icon-left\">\n\t\t\t\t<i aria-hidden=\"true\" class=\"icon icon-plus\"><\/i>\t\t\t<\/span>\n\t\t\t\t\t\t<span class=\"elementor-button-text\">Rodyti daugiau<\/span>\n\t\t<\/span>\n\t\t\t\t\t<\/a>\n\t\t<\/div>\n\t\t\t\t<\/div>\n\t\t\t\t<\/div>\n\t\t\t\t<div class=\"elementor-element elementor-element-b4dce00 hide category-description-less elementor-widget elementor-widget-button\" data-id=\"b4dce00\" data-element_type=\"widget\" data-widget_type=\"button.default\">\n\t\t\t\t<div class=\"elementor-widget-container\">\n\t\t\t\t\t<div class=\"elementor-button-wrapper\">\n\t\t\t<a class=\"elementor-button elementor-button-link elementor-size-sm\" href=\"#\">\n\t\t\t\t\t\t<span class=\"elementor-button-content-wrapper\">\n\t\t\t\t\t\t<span class=\"elementor-button-icon elementor-align-icon-left\">\n\t\t\t\t<i aria-hidden=\"true\" class=\"icon icon-minus\"><\/i>\t\t\t<\/span>\n\t\t\t\t\t\t<span class=\"elementor-button-text\">Rodyti ma\u017eiau<\/span>\n\t\t<\/span>\n\t\t\t\t\t<\/a>\n\t\t<\/div>\n\t\t\t\t<\/div>\n\t\t\t\t<\/div>\n\t\t\t\t\t<\/div>\n\t\t\t\t<\/div>\n\t\t<div class=\"elementor-element elementor-element-c80821d e-grid e-con-boxed e-con\" data-id=\"c80821d\" data-element_type=\"container\" data-settings=\"{&quot;grid_rows_grid&quot;:{&quot;unit&quot;:&quot;fr&quot;,&quot;size&quot;:1,&quot;sizes&quot;:[]},&quot;grid_columns_grid_tablet&quot;:{&quot;unit&quot;:&quot;fr&quot;,&quot;size&quot;:2,&quot;sizes&quot;:[]},&quot;content_width&quot;:&quot;boxed&quot;,&quot;grid_outline&quot;:&quot;yes&quot;,&quot;grid_columns_grid&quot;:{&quot;unit&quot;:&quot;fr&quot;,&quot;size&quot;:3,&quot;sizes&quot;:[]},&quot;grid_columns_grid_mobile&quot;:{&quot;unit&quot;:&quot;fr&quot;,&quot;size&quot;:1,&quot;sizes&quot;:[]},&quot;grid_rows_grid_tablet&quot;:{&quot;unit&quot;:&quot;fr&quot;,&quot;size&quot;:&quot;&quot;,&quot;sizes&quot;:[]},&quot;grid_rows_grid_mobile&quot;:{&quot;unit&quot;:&quot;fr&quot;,&quot;size&quot;:&quot;&quot;,&quot;sizes&quot;:[]}}\">\n\t\t\t\t\t<div class=\"e-con-inner\">\n\t\t<a class=\"elementor-element elementor-element-04881c1 e-flex e-con-boxed e-con\" data-id=\"04881c1\" data-element_type=\"container\" data-settings=\"{&quot;background_background&quot;:&quot;classic&quot;,&quot;content_width&quot;:&quot;boxed&quot;}\" href=\"https:\/\/www.bionalis.lt\/lt\/mycelium-produktai\/plokstes\/acoustic-panels\/\">\n\t\t\t\t\t<div class=\"e-con-inner\">\n\t\t\t\t<div class=\"elementor-element elementor-element-b67b74f elementor-widget elementor-widget-heading\" data-id=\"b67b74f\" data-element_type=\"widget\" data-widget_type=\"heading.default\">\n\t\t\t\t<div class=\"elementor-widget-container\">\n\t\t\t<h2 class=\"elementor-heading-title elementor-size-default\">Akustin\u0117s plok\u0161t\u0117s<\/h2>\t\t<\/div>\n\t\t\t\t<\/div>\n\t\t\t\t<div class=\"elementor-element elementor-element-94ed744 elementor-view-framed elementor-shape-circle elementor-widget elementor-widget-icon\" data-id=\"94ed744\" data-element_type=\"widget\" data-widget_type=\"icon.default\">\n\t\t\t\t<div class=\"elementor-widget-container\">\n\t\t\t\t\t<div class=\"elementor-icon-wrapper\">\n\t\t\t<div class=\"elementor-icon\">\n\t\t\t<i aria-hidden=\"true\" class=\"icon icon-chevron-right\"><\/i>\t\t\t<\/div>\n\t\t<\/div>\n\t\t\t\t<\/div>\n\t\t\t\t<\/div>\n\t\t\t\t\t<\/div>\n\t\t\t\t<\/a>\n\t\t<a class=\"elementor-element elementor-element-330c602 e-flex e-con-boxed e-con\" data-id=\"330c602\" data-element_type=\"container\" data-settings=\"{&quot;background_background&quot;:&quot;classic&quot;,&quot;content_width&quot;:&quot;boxed&quot;}\" href=\"https:\/\/www.bionalis.lt\/lt\/mycelium-produktai\/plokstes\/insulation-panels\/\">\n\t\t\t\t\t<div class=\"e-con-inner\">\n\t\t\t\t<div class=\"elementor-element elementor-element-07a05b4 elementor-widget elementor-widget-heading\" data-id=\"07a05b4\" data-element_type=\"widget\" data-widget_type=\"heading.default\">\n\t\t\t\t<div class=\"elementor-widget-container\">\n\t\t\t<h2 class=\"elementor-heading-title elementor-size-default\">Izoliacin\u0117s plok\u0161t\u0117s<\/h2>\t\t<\/div>\n\t\t\t\t<\/div>\n\t\t\t\t<div class=\"elementor-element elementor-element-00da4a6 elementor-view-framed elementor-shape-circle elementor-widget elementor-widget-icon\" data-id=\"00da4a6\" data-element_type=\"widget\" data-widget_type=\"icon.default\">\n\t\t\t\t<div class=\"elementor-widget-container\">\n\t\t\t\t\t<div class=\"elementor-icon-wrapper\">\n\t\t\t<div class=\"elementor-icon\">\n\t\t\t<i aria-hidden=\"true\" class=\"icon icon-chevron-right\"><\/i>\t\t\t<\/div>\n\t\t<\/div>\n\t\t\t\t<\/div>\n\t\t\t\t<\/div>\n\t\t\t\t\t<\/div>\n\t\t\t\t<\/a>\n\t\t<a class=\"elementor-element elementor-element-86de890 e-flex e-con-boxed e-con\" data-id=\"86de890\" data-element_type=\"container\" data-settings=\"{&quot;background_background&quot;:&quot;classic&quot;,&quot;content_width&quot;:&quot;boxed&quot;}\" href=\"https:\/\/www.bionalis.lt\/lt\/mycelium-produktai\/plokstes\/partition-walls\/\">\n\t\t\t\t\t<div class=\"e-con-inner\">\n\t\t\t\t<div class=\"elementor-element elementor-element-5d08b3b elementor-widget elementor-widget-heading\" data-id=\"5d08b3b\" data-element_type=\"widget\" data-widget_type=\"heading.default\">\n\t\t\t\t<div class=\"elementor-widget-container\">\n\t\t\t<h2 class=\"elementor-heading-title elementor-size-default\">Pertvarin\u0117s sienel\u0117s<\/h2>\t\t<\/div>\n\t\t\t\t<\/div>\n\t\t\t\t<div class=\"elementor-element elementor-element-5719bb1 elementor-view-framed elementor-shape-circle elementor-widget elementor-widget-icon\" data-id=\"5719bb1\" data-element_type=\"widget\" data-widget_type=\"icon.default\">\n\t\t\t\t<div class=\"elementor-widget-container\">\n\t\t\t\t\t<div class=\"elementor-icon-wrapper\">\n\t\t\t<div class=\"elementor-icon\">\n\t\t\t<i aria-hidden=\"true\" class=\"icon icon-chevron-right\"><\/i>\t\t\t<\/div>\n\t\t<\/div>\n\t\t\t\t<\/div>\n\t\t\t\t<\/div>\n\t\t\t\t\t<\/div>\n\t\t\t\t<\/a>\n\t\t<a class=\"elementor-element elementor-element-9ecf5a4 e-flex e-con-boxed e-con\" data-id=\"9ecf5a4\" data-element_type=\"container\" data-settings=\"{&quot;background_background&quot;:&quot;classic&quot;,&quot;content_width&quot;:&quot;boxed&quot;}\" href=\"https:\/\/www.bionalis.lt\/lt\/mycelium-produktai\/plokstes\/green-walls\/\">\n\t\t\t\t\t<div class=\"e-con-inner\">\n\t\t\t\t<div class=\"elementor-element elementor-element-a3c69ce elementor-widget elementor-widget-heading\" data-id=\"a3c69ce\" data-element_type=\"widget\" data-widget_type=\"heading.default\">\n\t\t\t\t<div class=\"elementor-widget-container\">\n\t\t\t<h2 class=\"elementor-heading-title elementor-size-default\">\u017daliosios sienel\u0117s<\/h2>\t\t<\/div>\n\t\t\t\t<\/div>\n\t\t\t\t<div class=\"elementor-element elementor-element-f93dd38 elementor-view-framed elementor-shape-circle elementor-widget elementor-widget-icon\" data-id=\"f93dd38\" data-element_type=\"widget\" data-widget_type=\"icon.default\">\n\t\t\t\t<div class=\"elementor-widget-container\">\n\t\t\t\t\t<div class=\"elementor-icon-wrapper\">\n\t\t\t<div class=\"elementor-icon\">\n\t\t\t<i aria-hidden=\"true\" class=\"icon icon-chevron-right\"><\/i>\t\t\t<\/div>\n\t\t<\/div>\n\t\t\t\t<\/div>\n\t\t\t\t<\/div>\n\t\t\t\t\t<\/div>\n\t\t\t\t<\/a>\n\t\t\t\t\t<\/div>\n\t\t\t\t<\/div>\n\t\t\t\t\t\t\t<\/div>\n\t\t","protected":false},"excerpt":{"rendered":"<p>Sienin\u0117s plok\u0161t\u0117s Grybienos technologijos pagrindu pagamintos plok\u0161t\u0117s yra nat\u016brali ir ekologi\u0161ka tradicini\u0173 statybini\u0173 med\u017eiag\u0173 alternatyva. \u0160ios plok\u0161t\u0117s gaminamos naudojant organines med\u017eiagas ir pa\u017eangi\u0105 grybienos technologij\u0105, tod\u0117l sukuriamas unikalus ir tvarus statybos elementas. Naudojamos sienoms, luboms, pertvaroms ar kitiems architekt\u016briniams elementams, plok\u0161t\u0117s bet kuriai erdvei suteikia nat\u016bralios elegancijos. Rodyti daugiau Rodyti ma\u017eiau Akustin\u0117s plok\u0161t\u0117s Izoliacin\u0117s plok\u0161t\u0117s [&hellip;]<\/p>\n","protected":false},"author":1,"featured_media":0,"parent":4381,"menu_order":0,"comment_status":"closed","ping_status":"closed","template":"","meta":{"footnotes":""},"class_list":["post-4605","page","type-page","status-publish","hentry"],"yoast_head":"<!-- This site is optimized with the Yoast SEO plugin v27.4 - https:\/\/yoast.com\/product\/yoast-seo-wordpress\/ -->\n<title>Plok\u0161t\u0117s - Bionalis<\/title>\n<meta name=\"robots\" content=\"index, follow, max-snippet:-1, max-image-preview:large, max-video-preview:-1\" \/>\n<link rel=\"canonical\" href=\"https:\/\/www.bionalis.lt\/lt\/mycelium-produktai\/plokstes\/\" \/>\n<meta property=\"og:locale\" content=\"lt_LT\" \/>\n<meta property=\"og:type\" content=\"article\" \/>\n<meta property=\"og:title\" content=\"Plok\u0161t\u0117s - Bionalis\" \/>\n<meta property=\"og:description\" content=\"Sienin\u0117s plok\u0161t\u0117s Grybienos technologijos pagrindu pagamintos plok\u0161t\u0117s yra nat\u016brali ir ekologi\u0161ka tradicini\u0173 statybini\u0173 med\u017eiag\u0173 alternatyva. \u0160ios plok\u0161t\u0117s gaminamos naudojant organines med\u017eiagas ir pa\u017eangi\u0105 grybienos technologij\u0105, tod\u0117l sukuriamas unikalus ir tvarus statybos elementas. Naudojamos sienoms, luboms, pertvaroms ar kitiems architekt\u016briniams elementams, plok\u0161t\u0117s bet kuriai erdvei suteikia nat\u016bralios elegancijos. Rodyti daugiau Rodyti ma\u017eiau Akustin\u0117s plok\u0161t\u0117s Izoliacin\u0117s plok\u0161t\u0117s [&hellip;]\" \/>\n<meta property=\"og:url\" content=\"https:\/\/www.bionalis.lt\/lt\/mycelium-produktai\/plokstes\/\" \/>\n<meta property=\"og:site_name\" content=\"Bionalis\" \/>\n<meta property=\"article:modified_time\" content=\"2023-08-28T14:08:17+00:00\" \/>\n<meta name=\"twitter:card\" content=\"summary_large_image\" \/>\n<meta name=\"twitter:label1\" content=\"Est. reading time\" \/>\n\t<meta name=\"twitter:data1\" content=\"1 minut\u0117\" \/>\n<script type=\"application\/ld+json\" class=\"yoast-schema-graph\">{\"@context\":\"https:\\\/\\\/schema.org\",\"@graph\":[{\"@type\":\"WebPage\",\"@id\":\"https:\\\/\\\/www.bionalis.lt\\\/lt\\\/mycelium-produktai\\\/plokstes\\\/\",\"url\":\"https:\\\/\\\/www.bionalis.lt\\\/lt\\\/mycelium-produktai\\\/plokstes\\\/\",\"name\":\"Plok\u0161t\u0117s - Bionalis\",\"isPartOf\":{\"@id\":\"https:\\\/\\\/www.bionalis.lt\\\/#website\"},\"datePublished\":\"2023-08-22T09:23:38+00:00\",\"dateModified\":\"2023-08-28T14:08:17+00:00\",\"breadcrumb\":{\"@id\":\"https:\\\/\\\/www.bionalis.lt\\\/lt\\\/mycelium-produktai\\\/plokstes\\\/#breadcrumb\"},\"inLanguage\":\"lt-LT\",\"potentialAction\":[{\"@type\":\"ReadAction\",\"target\":[\"https:\\\/\\\/www.bionalis.lt\\\/lt\\\/mycelium-produktai\\\/plokstes\\\/\"]}]},{\"@type\":\"BreadcrumbList\",\"@id\":\"https:\\\/\\\/www.bionalis.lt\\\/lt\\\/mycelium-produktai\\\/plokstes\\\/#breadcrumb\",\"itemListElement\":[{\"@type\":\"ListItem\",\"position\":1,\"name\":\"\",\"item\":\"https:\\\/\\\/www.bionalis.lt\\\/lt\\\/\"},{\"@type\":\"ListItem\",\"position\":2,\"name\":\"Mycelium produktai\",\"item\":\"https:\\\/\\\/www.bionalis.lt\\\/lt\\\/mycelium-produktai\\\/\"},{\"@type\":\"ListItem\",\"position\":3,\"name\":\"Plok\u0161t\u0117s\"}]},{\"@type\":\"WebSite\",\"@id\":\"https:\\\/\\\/www.bionalis.lt\\\/#website\",\"url\":\"https:\\\/\\\/www.bionalis.lt\\\/\",\"name\":\"Bionalis\",\"description\":\"\",\"publisher\":{\"@id\":\"https:\\\/\\\/www.bionalis.lt\\\/#organization\"},\"potentialAction\":[{\"@type\":\"SearchAction\",\"target\":{\"@type\":\"EntryPoint\",\"urlTemplate\":\"https:\\\/\\\/www.bionalis.lt\\\/?s={search_term_string}\"},\"query-input\":{\"@type\":\"PropertyValueSpecification\",\"valueRequired\":true,\"valueName\":\"search_term_string\"}}],\"inLanguage\":\"lt-LT\"},{\"@type\":\"Organization\",\"@id\":\"https:\\\/\\\/www.bionalis.lt\\\/#organization\",\"name\":\"Bionalis\",\"url\":\"https:\\\/\\\/www.bionalis.lt\\\/\",\"logo\":{\"@type\":\"ImageObject\",\"inLanguage\":\"lt-LT\",\"@id\":\"https:\\\/\\\/www.bionalis.lt\\\/#\\\/schema\\\/logo\\\/image\\\/\",\"url\":\"https:\\\/\\\/www.bionalis.lt\\\/wp-content\\\/uploads\\\/2023\\\/07\\\/logo_Bionalis-1.svg\",\"contentUrl\":\"https:\\\/\\\/www.bionalis.lt\\\/wp-content\\\/uploads\\\/2023\\\/07\\\/logo_Bionalis-1.svg\",\"width\":600,\"height\":149,\"caption\":\"Bionalis\"},\"image\":{\"@id\":\"https:\\\/\\\/www.bionalis.lt\\\/#\\\/schema\\\/logo\\\/image\\\/\"}}]}<\/script>\n<!-- \/ Yoast SEO plugin. -->","yoast_head_json":{"title":"Plok\u0161t\u0117s - Bionalis","robots":{"index":"index","follow":"follow","max-snippet":"max-snippet:-1","max-image-preview":"max-image-preview:large","max-video-preview":"max-video-preview:-1"},"canonical":"https:\/\/www.bionalis.lt\/lt\/mycelium-produktai\/plokstes\/","og_locale":"lt_LT","og_type":"article","og_title":"Plok\u0161t\u0117s - Bionalis","og_description":"Sienin\u0117s plok\u0161t\u0117s Grybienos technologijos pagrindu pagamintos plok\u0161t\u0117s yra nat\u016brali ir ekologi\u0161ka tradicini\u0173 statybini\u0173 med\u017eiag\u0173 alternatyva. \u0160ios plok\u0161t\u0117s gaminamos naudojant organines med\u017eiagas ir pa\u017eangi\u0105 grybienos technologij\u0105, tod\u0117l sukuriamas unikalus ir tvarus statybos elementas. Naudojamos sienoms, luboms, pertvaroms ar kitiems architekt\u016briniams elementams, plok\u0161t\u0117s bet kuriai erdvei suteikia nat\u016bralios elegancijos. Rodyti daugiau Rodyti ma\u017eiau Akustin\u0117s plok\u0161t\u0117s Izoliacin\u0117s plok\u0161t\u0117s [&hellip;]","og_url":"https:\/\/www.bionalis.lt\/lt\/mycelium-produktai\/plokstes\/","og_site_name":"Bionalis","article_modified_time":"2023-08-28T14:08:17+00:00","twitter_card":"summary_large_image","twitter_misc":{"Est. reading time":"1 minut\u0117"},"schema":{"@context":"https:\/\/schema.org","@graph":[{"@type":"WebPage","@id":"https:\/\/www.bionalis.lt\/lt\/mycelium-produktai\/plokstes\/","url":"https:\/\/www.bionalis.lt\/lt\/mycelium-produktai\/plokstes\/","name":"Plok\u0161t\u0117s - Bionalis","isPartOf":{"@id":"https:\/\/www.bionalis.lt\/#website"},"datePublished":"2023-08-22T09:23:38+00:00","dateModified":"2023-08-28T14:08:17+00:00","breadcrumb":{"@id":"https:\/\/www.bionalis.lt\/lt\/mycelium-produktai\/plokstes\/#breadcrumb"},"inLanguage":"lt-LT","potentialAction":[{"@type":"ReadAction","target":["https:\/\/www.bionalis.lt\/lt\/mycelium-produktai\/plokstes\/"]}]},{"@type":"BreadcrumbList","@id":"https:\/\/www.bionalis.lt\/lt\/mycelium-produktai\/plokstes\/#breadcrumb","itemListElement":[{"@type":"ListItem","position":1,"name":"","item":"https:\/\/www.bionalis.lt\/lt\/"},{"@type":"ListItem","position":2,"name":"Mycelium produktai","item":"https:\/\/www.bionalis.lt\/lt\/mycelium-produktai\/"},{"@type":"ListItem","position":3,"name":"Plok\u0161t\u0117s"}]},{"@type":"WebSite","@id":"https:\/\/www.bionalis.lt\/#website","url":"https:\/\/www.bionalis.lt\/","name":"Bionalis","description":"","publisher":{"@id":"https:\/\/www.bionalis.lt\/#organization"},"potentialAction":[{"@type":"SearchAction","target":{"@type":"EntryPoint","urlTemplate":"https:\/\/www.bionalis.lt\/?s={search_term_string}"},"query-input":{"@type":"PropertyValueSpecification","valueRequired":true,"valueName":"search_term_string"}}],"inLanguage":"lt-LT"},{"@type":"Organization","@id":"https:\/\/www.bionalis.lt\/#organization","name":"Bionalis","url":"https:\/\/www.bionalis.lt\/","logo":{"@type":"ImageObject","inLanguage":"lt-LT","@id":"https:\/\/www.bionalis.lt\/#\/schema\/logo\/image\/","url":"https:\/\/www.bionalis.lt\/wp-content\/uploads\/2023\/07\/logo_Bionalis-1.svg","contentUrl":"https:\/\/www.bionalis.lt\/wp-content\/uploads\/2023\/07\/logo_Bionalis-1.svg","width":600,"height":149,"caption":"Bionalis"},"image":{"@id":"https:\/\/www.bionalis.lt\/#\/schema\/logo\/image\/"}}]}},"_links":{"self":[{"href":"https:\/\/www.bionalis.lt\/lt\/wp-json\/wp\/v2\/pages\/4605","targetHints":{"allow":["GET"]}}],"collection":[{"href":"https:\/\/www.bionalis.lt\/lt\/wp-json\/wp\/v2\/pages"}],"about":[{"href":"https:\/\/www.bionalis.lt\/lt\/wp-json\/wp\/v2\/types\/page"}],"author":[{"embeddable":true,"href":"https:\/\/www.bionalis.lt\/lt\/wp-json\/wp\/v2\/users\/1"}],"replies":[{"embeddable":true,"href":"https:\/\/www.bionalis.lt\/lt\/wp-json\/wp\/v2\/comments?post=4605"}],"version-history":[{"count":32,"href":"https:\/\/www.bionalis.lt\/lt\/wp-json\/wp\/v2\/pages\/4605\/revisions"}],"predecessor-version":[{"id":5957,"href":"https:\/\/www.bionalis.lt\/lt\/wp-json\/wp\/v2\/pages\/4605\/revisions\/5957"}],"up":[{"embeddable":true,"href":"https:\/\/www.bionalis.lt\/lt\/wp-json\/wp\/v2\/pages\/4381"}],"wp:attachment":[{"href":"https:\/\/www.bionalis.lt\/lt\/wp-json\/wp\/v2\/media?parent=4605"}],"curies":[{"name":"wp","href":"https:\/\/api.w.org\/{rel}","templated":true}]}}