{"id":4716,"date":"2023-08-23T16:12:10","date_gmt":"2023-08-23T13:12:10","guid":{"rendered":"https:\/\/www.bionalis.lt\/?page_id=4716"},"modified":"2023-12-07T13:05:08","modified_gmt":"2023-12-07T11:05:08","slug":"popierius-ir-plevele-automatiniam-sukirpimui","status":"publish","type":"page","link":"https:\/\/www.bionalis.lt\/lt\/popierius-plevele-pakavimas\/popierius-plevele-siuvimo-ir-baldu-pramonei\/popierius-ir-plevele-automatiniam-sukirpimui\/","title":{"rendered":"Popierius ir pl\u0117vel\u0117 automatiniam sukirpimui"},"content":{"rendered":"\t\t<div data-elementor-type=\"wp-page\" data-elementor-id=\"4716\" class=\"elementor elementor-4716 elementor-4715\" data-elementor-post-type=\"page\">\n\t\t\t\t\t\t\t<div class=\"elementor-element elementor-element-6523e81 e-flex e-con-boxed e-con\" data-id=\"6523e81\" data-element_type=\"container\" data-settings=\"{&quot;content_width&quot;:&quot;boxed&quot;}\">\n\t\t\t\t\t<div class=\"e-con-inner\">\n\t\t\t\t<div class=\"elementor-element elementor-element-5d0960f elementor-align-left elementor-widget elementor-widget-breadcrumbs\" data-id=\"5d0960f\" data-element_type=\"widget\" data-widget_type=\"breadcrumbs.default\">\n\t\t\t\t<div class=\"elementor-widget-container\">\n\t\t\t<link rel=\"stylesheet\" href=\"https:\/\/www.bionalis.lt\/wp-content\/plugins\/pro-elements\/assets\/css\/widget-theme-elements.min.css\"><p id=\"breadcrumbs\"><span><span><a href=\"https:\/\/www.bionalis.lt\/lt\/\"><i class=\"icon-house\"><\/i><\/a><\/span><\/span><\/p>\t\t<\/div>\n\t\t\t\t<\/div>\n\t\t\t\t\t<\/div>\n\t\t\t\t<\/div>\n\t\t<div class=\"elementor-element elementor-element-e359bc2 e-flex e-con-boxed e-con\" data-id=\"e359bc2\" data-element_type=\"container\" data-settings=\"{&quot;content_width&quot;:&quot;boxed&quot;}\">\n\t\t\t\t\t<div class=\"e-con-inner\">\n\t\t\t\t<div class=\"elementor-element elementor-element-d434836 elementor-widget elementor-widget-heading\" data-id=\"d434836\" data-element_type=\"widget\" data-widget_type=\"heading.default\">\n\t\t\t\t<div class=\"elementor-widget-container\">\n\t\t\t<style>\/*! elementor - v3.15.0 - 09-08-2023 *\/\n.elementor-heading-title{padding:0;margin:0;line-height:1}.elementor-widget-heading .elementor-heading-title[class*=elementor-size-]>a{color:inherit;font-size:inherit;line-height:inherit}.elementor-widget-heading .elementor-heading-title.elementor-size-small{font-size:15px}.elementor-widget-heading .elementor-heading-title.elementor-size-medium{font-size:19px}.elementor-widget-heading .elementor-heading-title.elementor-size-large{font-size:29px}.elementor-widget-heading .elementor-heading-title.elementor-size-xl{font-size:39px}.elementor-widget-heading .elementor-heading-title.elementor-size-xxl{font-size:59px}<\/style><h1 class=\"elementor-heading-title elementor-size-default\">Popierius ir pl\u0117vel\u0117 automatiniam sukirpimui<\/h1>\t\t<\/div>\n\t\t\t\t<\/div>\n\t\t\t\t<div class=\"elementor-element elementor-element-c29055e clamp category-description elementor-hidden-desktop elementor-hidden-tablet elementor-hidden-mobile elementor-widget elementor-widget-text-editor\" data-id=\"c29055e\" data-element_type=\"widget\" data-widget_type=\"text-editor.default\">\n\t\t\t\t<div class=\"elementor-widget-container\">\n\t\t\t<style>\/*! elementor - v3.15.0 - 09-08-2023 *\/\n.elementor-widget-text-editor.elementor-drop-cap-view-stacked .elementor-drop-cap{background-color:#69727d;color:#fff}.elementor-widget-text-editor.elementor-drop-cap-view-framed .elementor-drop-cap{color:#69727d;border:3px solid;background-color:transparent}.elementor-widget-text-editor:not(.elementor-drop-cap-view-default) .elementor-drop-cap{margin-top:8px}.elementor-widget-text-editor:not(.elementor-drop-cap-view-default) .elementor-drop-cap-letter{width:1em;height:1em}.elementor-widget-text-editor .elementor-drop-cap{float:left;text-align:center;line-height:1;font-size:50px}.elementor-widget-text-editor .elementor-drop-cap-letter{display:inline-block}<\/style>\t\t\t\t<p>Lorem ipsum dolor sit amet, consectetur adipiscing elit. Cras sed sodales nisi. Nunc vehicula suscipit metus, sit amet tristique nulla malesuada nec. Maecenas est urna, facilisis ut ligula ac, commodo pharetra tellus. Nam posuere arcu ut urna ultrices auctor. Cras id dictum odio. Curabitur nec convallis ex. Morbi consequat pretium neque eget efficitur. Suspendisse eu purus lorem. Sed ornare enim vel ligula porta porta. Nulla non tristique turpis. Praesent id vehicula neque, elementum convallis est. Maecenas laoreet dapibus ullamcorper. Curabitur ultricies vehicula aliquet. Ut id auctor nunc. Praesent dapibus eros accumsan eros lobortis commodo. Vestibulum mi felis, sollicitudin eu leo eget, tristique volutpat velit. Nam commodo, lorem eget suscipit iaculis, risus lectus dapibus sem, eu hendrerit turpis lorem non tortor.<\/p>\n\t\t\t\t\t\t<\/div>\n\t\t\t\t<\/div>\n\t\t\t\t<div class=\"elementor-element elementor-element-9e645d1 hide category-description-more elementor-widget elementor-widget-button\" data-id=\"9e645d1\" data-element_type=\"widget\" data-widget_type=\"button.default\">\n\t\t\t\t<div class=\"elementor-widget-container\">\n\t\t\t\t\t<div class=\"elementor-button-wrapper\">\n\t\t\t<a class=\"elementor-button elementor-button-link elementor-size-sm\" href=\"#\">\n\t\t\t\t\t\t<span class=\"elementor-button-content-wrapper\">\n\t\t\t\t\t\t<span class=\"elementor-button-icon elementor-align-icon-left\">\n\t\t\t\t<i aria-hidden=\"true\" class=\"icon icon-plus\"><\/i>\t\t\t<\/span>\n\t\t\t\t\t\t<span class=\"elementor-button-text\">Rodyti daugiau<\/span>\n\t\t<\/span>\n\t\t\t\t\t<\/a>\n\t\t<\/div>\n\t\t\t\t<\/div>\n\t\t\t\t<\/div>\n\t\t\t\t<div class=\"elementor-element elementor-element-ce4b352 hide category-description-less elementor-widget elementor-widget-button\" data-id=\"ce4b352\" data-element_type=\"widget\" data-widget_type=\"button.default\">\n\t\t\t\t<div class=\"elementor-widget-container\">\n\t\t\t\t\t<div class=\"elementor-button-wrapper\">\n\t\t\t<a class=\"elementor-button elementor-button-link elementor-size-sm\" href=\"#\">\n\t\t\t\t\t\t<span class=\"elementor-button-content-wrapper\">\n\t\t\t\t\t\t<span class=\"elementor-button-icon elementor-align-icon-left\">\n\t\t\t\t<i aria-hidden=\"true\" class=\"icon icon-minus\"><\/i>\t\t\t<\/span>\n\t\t\t\t\t\t<span class=\"elementor-button-text\">Rodyti ma\u017eiau<\/span>\n\t\t<\/span>\n\t\t\t\t\t<\/a>\n\t\t<\/div>\n\t\t\t\t<\/div>\n\t\t\t\t<\/div>\n\t\t\t\t\t<\/div>\n\t\t\t\t<\/div>\n\t\t<div class=\"elementor-element elementor-element-b67fd78 e-grid e-con-boxed e-con\" data-id=\"b67fd78\" data-element_type=\"container\" data-settings=\"{&quot;grid_rows_grid&quot;:{&quot;unit&quot;:&quot;fr&quot;,&quot;size&quot;:1,&quot;sizes&quot;:[]},&quot;grid_columns_grid_tablet&quot;:{&quot;unit&quot;:&quot;fr&quot;,&quot;size&quot;:2,&quot;sizes&quot;:[]},&quot;content_width&quot;:&quot;boxed&quot;,&quot;grid_outline&quot;:&quot;yes&quot;,&quot;grid_columns_grid&quot;:{&quot;unit&quot;:&quot;fr&quot;,&quot;size&quot;:3,&quot;sizes&quot;:[]},&quot;grid_columns_grid_mobile&quot;:{&quot;unit&quot;:&quot;fr&quot;,&quot;size&quot;:1,&quot;sizes&quot;:[]},&quot;grid_rows_grid_tablet&quot;:{&quot;unit&quot;:&quot;fr&quot;,&quot;size&quot;:&quot;&quot;,&quot;sizes&quot;:[]},&quot;grid_rows_grid_mobile&quot;:{&quot;unit&quot;:&quot;fr&quot;,&quot;size&quot;:&quot;&quot;,&quot;sizes&quot;:[]}}\">\n\t\t\t\t\t<div class=\"e-con-inner\">\n\t\t<a class=\"elementor-element elementor-element-fd804f3 e-flex e-con-boxed e-con\" data-id=\"fd804f3\" data-element_type=\"container\" data-settings=\"{&quot;background_background&quot;:&quot;classic&quot;,&quot;content_width&quot;:&quot;boxed&quot;}\" data-e-bg-lazyload=\"\" href=\"https:\/\/www.bionalis.lt\/lt\/popierius-plevele-pakavimas\/popierius-plevele-siuvimo-ir-baldu-pramonei\/popierius-ir-plevele-automatiniam-sukirpimui\/perforuotas-popierius\/\">\n\t\t\t\t\t<div class=\"e-con-inner\">\n\t\t\t\t<div class=\"elementor-element elementor-element-77aa891 elementor-widget elementor-widget-heading\" data-id=\"77aa891\" data-element_type=\"widget\" data-widget_type=\"heading.default\">\n\t\t\t\t<div class=\"elementor-widget-container\">\n\t\t\t<h2 class=\"elementor-heading-title elementor-size-default\">Perforuotas popierius<\/h2>\t\t<\/div>\n\t\t\t\t<\/div>\n\t\t\t\t<div class=\"elementor-element elementor-element-ae9b504 elementor-view-framed elementor-shape-circle elementor-widget elementor-widget-icon\" data-id=\"ae9b504\" data-element_type=\"widget\" data-widget_type=\"icon.default\">\n\t\t\t\t<div class=\"elementor-widget-container\">\n\t\t\t\t\t<div class=\"elementor-icon-wrapper\">\n\t\t\t<div class=\"elementor-icon\">\n\t\t\t<i aria-hidden=\"true\" class=\"icon icon-chevron-right\"><\/i>\t\t\t<\/div>\n\t\t<\/div>\n\t\t\t\t<\/div>\n\t\t\t\t<\/div>\n\t\t\t\t\t<\/div>\n\t\t\t\t<\/a>\n\t\t<a class=\"elementor-element elementor-element-0bda69a e-flex e-con-boxed e-con\" data-id=\"0bda69a\" data-element_type=\"container\" data-settings=\"{&quot;background_background&quot;:&quot;classic&quot;,&quot;content_width&quot;:&quot;boxed&quot;}\" data-e-bg-lazyload=\"\" href=\"https:\/\/www.bionalis.lt\/lt\/popierius-plevele-pakavimas\/popierius-plevele-siuvimo-ir-baldu-pramonei\/popierius-ir-plevele-automatiniam-sukirpimui\/sukirpimo-plevele\/\">\n\t\t\t\t\t<div class=\"e-con-inner\">\n\t\t\t\t<div class=\"elementor-element elementor-element-d52d3ae elementor-widget elementor-widget-heading\" data-id=\"d52d3ae\" data-element_type=\"widget\" data-widget_type=\"heading.default\">\n\t\t\t\t<div class=\"elementor-widget-container\">\n\t\t\t<h2 class=\"elementor-heading-title elementor-size-default\">Sukirpimo pl\u0117vel\u0117<\/h2>\t\t<\/div>\n\t\t\t\t<\/div>\n\t\t\t\t<div class=\"elementor-element elementor-element-fa3a944 elementor-view-framed elementor-shape-circle elementor-widget elementor-widget-icon\" data-id=\"fa3a944\" data-element_type=\"widget\" data-widget_type=\"icon.default\">\n\t\t\t\t<div class=\"elementor-widget-container\">\n\t\t\t\t\t<div class=\"elementor-icon-wrapper\">\n\t\t\t<div class=\"elementor-icon\">\n\t\t\t<i aria-hidden=\"true\" class=\"icon icon-chevron-right\"><\/i>\t\t\t<\/div>\n\t\t<\/div>\n\t\t\t\t<\/div>\n\t\t\t\t<\/div>\n\t\t\t\t\t<\/div>\n\t\t\t\t<\/a>\n\t\t<a class=\"elementor-element elementor-element-918a957 e-flex e-con-boxed e-con\" data-id=\"918a957\" data-element_type=\"container\" data-settings=\"{&quot;background_background&quot;:&quot;classic&quot;,&quot;content_width&quot;:&quot;boxed&quot;}\" data-e-bg-lazyload=\"\" href=\"https:\/\/www.bionalis.lt\/lt\/popierius-plevele-pakavimas\/popierius-plevele-siuvimo-ir-baldu-pramonei\/popierius-ir-plevele-automatiniam-sukirpimui\/paklojimo-popierius\/\">\n\t\t\t\t\t<div class=\"e-con-inner\">\n\t\t\t\t<div class=\"elementor-element elementor-element-5283107 elementor-widget elementor-widget-heading\" data-id=\"5283107\" data-element_type=\"widget\" data-widget_type=\"heading.default\">\n\t\t\t\t<div class=\"elementor-widget-container\">\n\t\t\t<h2 class=\"elementor-heading-title elementor-size-default\">Paklojimo popierius<\/h2>\t\t<\/div>\n\t\t\t\t<\/div>\n\t\t\t\t<div class=\"elementor-element elementor-element-07b1a98 elementor-view-framed elementor-shape-circle elementor-widget elementor-widget-icon\" data-id=\"07b1a98\" data-element_type=\"widget\" data-widget_type=\"icon.default\">\n\t\t\t\t<div class=\"elementor-widget-container\">\n\t\t\t\t\t<div class=\"elementor-icon-wrapper\">\n\t\t\t<div class=\"elementor-icon\">\n\t\t\t<i aria-hidden=\"true\" class=\"icon icon-chevron-right\"><\/i>\t\t\t<\/div>\n\t\t<\/div>\n\t\t\t\t<\/div>\n\t\t\t\t<\/div>\n\t\t\t\t\t<\/div>\n\t\t\t\t<\/a>\n\t\t\t\t\t<\/div>\n\t\t\t\t<\/div>\n\t\t\t\t\t\t\t<\/div>\n\t\t","protected":false},"excerpt":{"rendered":"<p>Popierius ir pl\u0117vel\u0117 automatiniam sukirpimui Lorem ipsum dolor sit amet, consectetur adipiscing elit. Cras sed sodales nisi. Nunc vehicula suscipit metus, sit amet tristique nulla malesuada nec. Maecenas est urna, facilisis ut ligula ac, commodo pharetra tellus. Nam posuere arcu ut urna ultrices auctor. Cras id dictum odio. Curabitur nec convallis ex. Morbi consequat pretium [&hellip;]<\/p>\n","protected":false},"author":1,"featured_media":0,"parent":4688,"menu_order":0,"comment_status":"closed","ping_status":"closed","template":"","meta":{"footnotes":""},"class_list":["post-4716","page","type-page","status-publish","hentry"],"yoast_head":"<!-- This site is optimized with the Yoast SEO plugin v27.3 - https:\/\/yoast.com\/product\/yoast-seo-wordpress\/ -->\n<title>Popierius ir pl\u0117vel\u0117 automatiniam sukirpimui - Bionalis<\/title>\n<meta name=\"robots\" content=\"index, follow, max-snippet:-1, max-image-preview:large, max-video-preview:-1\" \/>\n<link rel=\"canonical\" href=\"https:\/\/www.bionalis.lt\/lt\/popierius-plevele-pakavimas\/popierius-plevele-siuvimo-ir-baldu-pramonei\/popierius-ir-plevele-automatiniam-sukirpimui\/\" \/>\n<meta property=\"og:locale\" content=\"lt_LT\" \/>\n<meta property=\"og:type\" content=\"article\" \/>\n<meta property=\"og:title\" content=\"Popierius ir pl\u0117vel\u0117 automatiniam sukirpimui - Bionalis\" \/>\n<meta property=\"og:description\" content=\"Popierius ir pl\u0117vel\u0117 automatiniam sukirpimui Lorem ipsum dolor sit amet, consectetur adipiscing elit. Cras sed sodales nisi. Nunc vehicula suscipit metus, sit amet tristique nulla malesuada nec. Maecenas est urna, facilisis ut ligula ac, commodo pharetra tellus. Nam posuere arcu ut urna ultrices auctor. Cras id dictum odio. Curabitur nec convallis ex. Morbi consequat pretium [&hellip;]\" \/>\n<meta property=\"og:url\" content=\"https:\/\/www.bionalis.lt\/lt\/popierius-plevele-pakavimas\/popierius-plevele-siuvimo-ir-baldu-pramonei\/popierius-ir-plevele-automatiniam-sukirpimui\/\" \/>\n<meta property=\"og:site_name\" content=\"Bionalis\" \/>\n<meta property=\"article:modified_time\" content=\"2023-12-07T11:05:08+00:00\" \/>\n<meta name=\"twitter:card\" content=\"summary_large_image\" \/>\n<meta name=\"twitter:label1\" content=\"Est. reading time\" \/>\n\t<meta name=\"twitter:data1\" content=\"1 minut\u0117\" \/>\n<script type=\"application\/ld+json\" class=\"yoast-schema-graph\">{\"@context\":\"https:\\\/\\\/schema.org\",\"@graph\":[{\"@type\":\"WebPage\",\"@id\":\"https:\\\/\\\/www.bionalis.lt\\\/lt\\\/popierius-plevele-pakavimas\\\/popierius-plevele-siuvimo-ir-baldu-pramonei\\\/popierius-ir-plevele-automatiniam-sukirpimui\\\/\",\"url\":\"https:\\\/\\\/www.bionalis.lt\\\/lt\\\/popierius-plevele-pakavimas\\\/popierius-plevele-siuvimo-ir-baldu-pramonei\\\/popierius-ir-plevele-automatiniam-sukirpimui\\\/\",\"name\":\"Popierius ir pl\u0117vel\u0117 automatiniam sukirpimui - Bionalis\",\"isPartOf\":{\"@id\":\"https:\\\/\\\/www.bionalis.lt\\\/#website\"},\"datePublished\":\"2023-08-23T13:12:10+00:00\",\"dateModified\":\"2023-12-07T11:05:08+00:00\",\"breadcrumb\":{\"@id\":\"https:\\\/\\\/www.bionalis.lt\\\/lt\\\/popierius-plevele-pakavimas\\\/popierius-plevele-siuvimo-ir-baldu-pramonei\\\/popierius-ir-plevele-automatiniam-sukirpimui\\\/#breadcrumb\"},\"inLanguage\":\"lt-LT\",\"potentialAction\":[{\"@type\":\"ReadAction\",\"target\":[\"https:\\\/\\\/www.bionalis.lt\\\/lt\\\/popierius-plevele-pakavimas\\\/popierius-plevele-siuvimo-ir-baldu-pramonei\\\/popierius-ir-plevele-automatiniam-sukirpimui\\\/\"]}]},{\"@type\":\"BreadcrumbList\",\"@id\":\"https:\\\/\\\/www.bionalis.lt\\\/lt\\\/popierius-plevele-pakavimas\\\/popierius-plevele-siuvimo-ir-baldu-pramonei\\\/popierius-ir-plevele-automatiniam-sukirpimui\\\/#breadcrumb\",\"itemListElement\":[{\"@type\":\"ListItem\",\"position\":1,\"name\":\"\",\"item\":\"https:\\\/\\\/www.bionalis.lt\\\/lt\\\/\"},{\"@type\":\"ListItem\",\"position\":2,\"name\":\"Popierius, pl\u0117vel\u0117, pakavimas\",\"item\":\"https:\\\/\\\/www.bionalis.lt\\\/lt\\\/popierius-plevele-pakavimas\\\/\"},{\"@type\":\"ListItem\",\"position\":3,\"name\":\"Popierius, pl\u0117vel\u0117 siuvimo ir bald\u0173 pramonei\",\"item\":\"https:\\\/\\\/www.bionalis.lt\\\/lt\\\/popierius-plevele-pakavimas\\\/popierius-plevele-siuvimo-ir-baldu-pramonei\\\/\"},{\"@type\":\"ListItem\",\"position\":4,\"name\":\"Popierius ir pl\u0117vel\u0117 automatiniam sukirpimui\"}]},{\"@type\":\"WebSite\",\"@id\":\"https:\\\/\\\/www.bionalis.lt\\\/#website\",\"url\":\"https:\\\/\\\/www.bionalis.lt\\\/\",\"name\":\"Bionalis\",\"description\":\"\",\"publisher\":{\"@id\":\"https:\\\/\\\/www.bionalis.lt\\\/#organization\"},\"potentialAction\":[{\"@type\":\"SearchAction\",\"target\":{\"@type\":\"EntryPoint\",\"urlTemplate\":\"https:\\\/\\\/www.bionalis.lt\\\/?s={search_term_string}\"},\"query-input\":{\"@type\":\"PropertyValueSpecification\",\"valueRequired\":true,\"valueName\":\"search_term_string\"}}],\"inLanguage\":\"lt-LT\"},{\"@type\":\"Organization\",\"@id\":\"https:\\\/\\\/www.bionalis.lt\\\/#organization\",\"name\":\"Bionalis\",\"url\":\"https:\\\/\\\/www.bionalis.lt\\\/\",\"logo\":{\"@type\":\"ImageObject\",\"inLanguage\":\"lt-LT\",\"@id\":\"https:\\\/\\\/www.bionalis.lt\\\/#\\\/schema\\\/logo\\\/image\\\/\",\"url\":\"https:\\\/\\\/www.bionalis.lt\\\/wp-content\\\/uploads\\\/2023\\\/07\\\/logo_Bionalis-1.svg\",\"contentUrl\":\"https:\\\/\\\/www.bionalis.lt\\\/wp-content\\\/uploads\\\/2023\\\/07\\\/logo_Bionalis-1.svg\",\"width\":600,\"height\":149,\"caption\":\"Bionalis\"},\"image\":{\"@id\":\"https:\\\/\\\/www.bionalis.lt\\\/#\\\/schema\\\/logo\\\/image\\\/\"}}]}<\/script>\n<!-- \/ Yoast SEO plugin. -->","yoast_head_json":{"title":"Popierius ir pl\u0117vel\u0117 automatiniam sukirpimui - Bionalis","robots":{"index":"index","follow":"follow","max-snippet":"max-snippet:-1","max-image-preview":"max-image-preview:large","max-video-preview":"max-video-preview:-1"},"canonical":"https:\/\/www.bionalis.lt\/lt\/popierius-plevele-pakavimas\/popierius-plevele-siuvimo-ir-baldu-pramonei\/popierius-ir-plevele-automatiniam-sukirpimui\/","og_locale":"lt_LT","og_type":"article","og_title":"Popierius ir pl\u0117vel\u0117 automatiniam sukirpimui - Bionalis","og_description":"Popierius ir pl\u0117vel\u0117 automatiniam sukirpimui Lorem ipsum dolor sit amet, consectetur adipiscing elit. Cras sed sodales nisi. Nunc vehicula suscipit metus, sit amet tristique nulla malesuada nec. Maecenas est urna, facilisis ut ligula ac, commodo pharetra tellus. Nam posuere arcu ut urna ultrices auctor. Cras id dictum odio. Curabitur nec convallis ex. Morbi consequat pretium [&hellip;]","og_url":"https:\/\/www.bionalis.lt\/lt\/popierius-plevele-pakavimas\/popierius-plevele-siuvimo-ir-baldu-pramonei\/popierius-ir-plevele-automatiniam-sukirpimui\/","og_site_name":"Bionalis","article_modified_time":"2023-12-07T11:05:08+00:00","twitter_card":"summary_large_image","twitter_misc":{"Est. reading time":"1 minut\u0117"},"schema":{"@context":"https:\/\/schema.org","@graph":[{"@type":"WebPage","@id":"https:\/\/www.bionalis.lt\/lt\/popierius-plevele-pakavimas\/popierius-plevele-siuvimo-ir-baldu-pramonei\/popierius-ir-plevele-automatiniam-sukirpimui\/","url":"https:\/\/www.bionalis.lt\/lt\/popierius-plevele-pakavimas\/popierius-plevele-siuvimo-ir-baldu-pramonei\/popierius-ir-plevele-automatiniam-sukirpimui\/","name":"Popierius ir pl\u0117vel\u0117 automatiniam sukirpimui - Bionalis","isPartOf":{"@id":"https:\/\/www.bionalis.lt\/#website"},"datePublished":"2023-08-23T13:12:10+00:00","dateModified":"2023-12-07T11:05:08+00:00","breadcrumb":{"@id":"https:\/\/www.bionalis.lt\/lt\/popierius-plevele-pakavimas\/popierius-plevele-siuvimo-ir-baldu-pramonei\/popierius-ir-plevele-automatiniam-sukirpimui\/#breadcrumb"},"inLanguage":"lt-LT","potentialAction":[{"@type":"ReadAction","target":["https:\/\/www.bionalis.lt\/lt\/popierius-plevele-pakavimas\/popierius-plevele-siuvimo-ir-baldu-pramonei\/popierius-ir-plevele-automatiniam-sukirpimui\/"]}]},{"@type":"BreadcrumbList","@id":"https:\/\/www.bionalis.lt\/lt\/popierius-plevele-pakavimas\/popierius-plevele-siuvimo-ir-baldu-pramonei\/popierius-ir-plevele-automatiniam-sukirpimui\/#breadcrumb","itemListElement":[{"@type":"ListItem","position":1,"name":"","item":"https:\/\/www.bionalis.lt\/lt\/"},{"@type":"ListItem","position":2,"name":"Popierius, pl\u0117vel\u0117, pakavimas","item":"https:\/\/www.bionalis.lt\/lt\/popierius-plevele-pakavimas\/"},{"@type":"ListItem","position":3,"name":"Popierius, pl\u0117vel\u0117 siuvimo ir bald\u0173 pramonei","item":"https:\/\/www.bionalis.lt\/lt\/popierius-plevele-pakavimas\/popierius-plevele-siuvimo-ir-baldu-pramonei\/"},{"@type":"ListItem","position":4,"name":"Popierius ir pl\u0117vel\u0117 automatiniam sukirpimui"}]},{"@type":"WebSite","@id":"https:\/\/www.bionalis.lt\/#website","url":"https:\/\/www.bionalis.lt\/","name":"Bionalis","description":"","publisher":{"@id":"https:\/\/www.bionalis.lt\/#organization"},"potentialAction":[{"@type":"SearchAction","target":{"@type":"EntryPoint","urlTemplate":"https:\/\/www.bionalis.lt\/?s={search_term_string}"},"query-input":{"@type":"PropertyValueSpecification","valueRequired":true,"valueName":"search_term_string"}}],"inLanguage":"lt-LT"},{"@type":"Organization","@id":"https:\/\/www.bionalis.lt\/#organization","name":"Bionalis","url":"https:\/\/www.bionalis.lt\/","logo":{"@type":"ImageObject","inLanguage":"lt-LT","@id":"https:\/\/www.bionalis.lt\/#\/schema\/logo\/image\/","url":"https:\/\/www.bionalis.lt\/wp-content\/uploads\/2023\/07\/logo_Bionalis-1.svg","contentUrl":"https:\/\/www.bionalis.lt\/wp-content\/uploads\/2023\/07\/logo_Bionalis-1.svg","width":600,"height":149,"caption":"Bionalis"},"image":{"@id":"https:\/\/www.bionalis.lt\/#\/schema\/logo\/image\/"}}]}},"_links":{"self":[{"href":"https:\/\/www.bionalis.lt\/lt\/wp-json\/wp\/v2\/pages\/4716","targetHints":{"allow":["GET"]}}],"collection":[{"href":"https:\/\/www.bionalis.lt\/lt\/wp-json\/wp\/v2\/pages"}],"about":[{"href":"https:\/\/www.bionalis.lt\/lt\/wp-json\/wp\/v2\/types\/page"}],"author":[{"embeddable":true,"href":"https:\/\/www.bionalis.lt\/lt\/wp-json\/wp\/v2\/users\/1"}],"replies":[{"embeddable":true,"href":"https:\/\/www.bionalis.lt\/lt\/wp-json\/wp\/v2\/comments?post=4716"}],"version-history":[{"count":28,"href":"https:\/\/www.bionalis.lt\/lt\/wp-json\/wp\/v2\/pages\/4716\/revisions"}],"predecessor-version":[{"id":7610,"href":"https:\/\/www.bionalis.lt\/lt\/wp-json\/wp\/v2\/pages\/4716\/revisions\/7610"}],"up":[{"embeddable":true,"href":"https:\/\/www.bionalis.lt\/lt\/wp-json\/wp\/v2\/pages\/4688"}],"wp:attachment":[{"href":"https:\/\/www.bionalis.lt\/lt\/wp-json\/wp\/v2\/media?parent=4716"}],"curies":[{"name":"wp","href":"https:\/\/api.w.org\/{rel}","templated":true}]}}