{"id":4849,"date":"2023-08-23T16:36:32","date_gmt":"2023-08-23T13:36:32","guid":{"rendered":"https:\/\/www.bionalis.lt\/?page_id=4849"},"modified":"2023-12-06T16:26:44","modified_gmt":"2023-12-06T14:26:44","slug":"gofruotas-kartonas-2-sluoksniu","status":"publish","type":"page","link":"https:\/\/www.bionalis.lt\/lt\/popierius-plevele-pakavimas\/pakavimas\/gofruotas-kartonas\/gofruotas-kartonas-2-sluoksniu\/","title":{"rendered":"2 layer corrugated cardboard"},"content":{"rendered":"\t\t<div data-elementor-type=\"wp-page\" data-elementor-id=\"4849\" class=\"elementor elementor-4849 elementor-4848\" data-elementor-post-type=\"page\">\n\t\t\t\t\t\t\t<div class=\"elementor-element elementor-element-5fe69c6 e-flex e-con-boxed e-con\" data-id=\"5fe69c6\" data-element_type=\"container\" data-settings=\"{&quot;background_background&quot;:&quot;classic&quot;,&quot;content_width&quot;:&quot;boxed&quot;}\">\n\t\t\t\t\t<div class=\"e-con-inner\">\n\t\t<div class=\"elementor-element elementor-element-60274e1 e-flex e-con-boxed e-con\" data-id=\"60274e1\" data-element_type=\"container\" data-settings=\"{&quot;content_width&quot;:&quot;boxed&quot;}\">\n\t\t\t\t\t<div class=\"e-con-inner\">\n\t\t\t\t<div class=\"elementor-element elementor-element-328dbb0 elementor-align-left elementor-widget elementor-widget-breadcrumbs\" data-id=\"328dbb0\" data-element_type=\"widget\" data-widget_type=\"breadcrumbs.default\">\n\t\t\t\t<div class=\"elementor-widget-container\">\n\t\t\t<link rel=\"stylesheet\" href=\"https:\/\/www.bionalis.lt\/wp-content\/plugins\/pro-elements\/assets\/css\/widget-theme-elements.min.css\"><p id=\"breadcrumbs\"><span><span><a href=\"https:\/\/www.bionalis.lt\/lt\/\"><i class=\"icon-house\"><\/i><\/a><\/span><\/span><\/p>\t\t<\/div>\n\t\t\t\t<\/div>\n\t\t\t\t\t<\/div>\n\t\t\t\t<\/div>\n\t\t<div class=\"elementor-element elementor-element-b2d76aa e-flex e-con-boxed e-con\" data-id=\"b2d76aa\" data-element_type=\"container\" data-settings=\"{&quot;content_width&quot;:&quot;boxed&quot;}\">\n\t\t\t\t\t<div class=\"e-con-inner\">\n\t\t\t\t<div class=\"elementor-element elementor-element-358c0ef clamp category-description elementor-widget elementor-widget-text-editor\" data-id=\"358c0ef\" data-element_type=\"widget\" data-widget_type=\"text-editor.default\">\n\t\t\t\t<div class=\"elementor-widget-container\">\n\t\t\t<style>\/*! elementor - v3.15.0 - 09-08-2023 *\/\n.elementor-widget-text-editor.elementor-drop-cap-view-stacked .elementor-drop-cap{background-color:#69727d;color:#fff}.elementor-widget-text-editor.elementor-drop-cap-view-framed .elementor-drop-cap{color:#69727d;border:3px solid;background-color:transparent}.elementor-widget-text-editor:not(.elementor-drop-cap-view-default) .elementor-drop-cap{margin-top:8px}.elementor-widget-text-editor:not(.elementor-drop-cap-view-default) .elementor-drop-cap-letter{width:1em;height:1em}.elementor-widget-text-editor .elementor-drop-cap{float:left;text-align:center;line-height:1;font-size:50px}.elementor-widget-text-editor .elementor-drop-cap-letter{display:inline-block}<\/style>\t\t\t\t<p>Find the balance between strength and flexibility with our 2-layer corrugated cardboard. Ideal for lightweight packaging, it provides essential protection while remaining easy to handle and recycle.<\/p>\n\t\t\t\t\t\t<\/div>\n\t\t\t\t<\/div>\n\t\t\t\t<div class=\"elementor-element elementor-element-35891df hide category-description-more elementor-widget elementor-widget-button\" data-id=\"35891df\" data-element_type=\"widget\" data-widget_type=\"button.default\">\n\t\t\t\t<div class=\"elementor-widget-container\">\n\t\t\t\t\t<div class=\"elementor-button-wrapper\">\n\t\t\t<a class=\"elementor-button elementor-button-link elementor-size-sm\" href=\"#\">\n\t\t\t\t\t\t<span class=\"elementor-button-content-wrapper\">\n\t\t\t\t\t\t<span class=\"elementor-button-icon elementor-align-icon-left\">\n\t\t\t\t<i aria-hidden=\"true\" class=\"icon icon-plus\"><\/i>\t\t\t<\/span>\n\t\t\t\t\t\t<span class=\"elementor-button-text\">Rodyti daugiau<\/span>\n\t\t<\/span>\n\t\t\t\t\t<\/a>\n\t\t<\/div>\n\t\t\t\t<\/div>\n\t\t\t\t<\/div>\n\t\t\t\t<div class=\"elementor-element elementor-element-16c9842 hide category-description-less elementor-widget elementor-widget-button\" data-id=\"16c9842\" data-element_type=\"widget\" data-widget_type=\"button.default\">\n\t\t\t\t<div class=\"elementor-widget-container\">\n\t\t\t\t\t<div class=\"elementor-button-wrapper\">\n\t\t\t<a class=\"elementor-button elementor-button-link elementor-size-sm\" href=\"#\">\n\t\t\t\t\t\t<span class=\"elementor-button-content-wrapper\">\n\t\t\t\t\t\t<span class=\"elementor-button-icon elementor-align-icon-left\">\n\t\t\t\t<i aria-hidden=\"true\" class=\"icon icon-minus\"><\/i>\t\t\t<\/span>\n\t\t\t\t\t\t<span class=\"elementor-button-text\">Rodyti ma\u017eiau<\/span>\n\t\t<\/span>\n\t\t\t\t\t<\/a>\n\t\t<\/div>\n\t\t\t\t<\/div>\n\t\t\t\t<\/div>\n\t\t\t\t\t<\/div>\n\t\t\t\t<\/div>\n\t\t\t\t\t<\/div>\n\t\t\t\t<\/div>\n\t\t<div class=\"elementor-element elementor-element-e97ebb1 e-flex e-con-boxed e-con\" data-id=\"e97ebb1\" data-element_type=\"container\" data-settings=\"{&quot;content_width&quot;:&quot;boxed&quot;}\">\n\t\t\t\t\t<div class=\"e-con-inner\">\n\t\t<div class=\"elementor-element elementor-element-c0fc016 e-con-full e-flex e-con\" data-id=\"c0fc016\" data-element_type=\"container\" data-settings=\"{&quot;content_width&quot;:&quot;full&quot;}\">\n\t\t\t\t<div class=\"elementor-element elementor-element-ba8dde9 elementor-hidden-tablet elementor-hidden-mobile elementor-widget elementor-widget-heading\" data-id=\"ba8dde9\" data-element_type=\"widget\" data-widget_type=\"heading.default\">\n\t\t\t\t<div class=\"elementor-widget-container\">\n\t\t\t<style>\/*! elementor - v3.15.0 - 09-08-2023 *\/\n.elementor-heading-title{padding:0;margin:0;line-height:1}.elementor-widget-heading .elementor-heading-title[class*=elementor-size-]>a{color:inherit;font-size:inherit;line-height:inherit}.elementor-widget-heading .elementor-heading-title.elementor-size-small{font-size:15px}.elementor-widget-heading .elementor-heading-title.elementor-size-medium{font-size:19px}.elementor-widget-heading .elementor-heading-title.elementor-size-large{font-size:29px}.elementor-widget-heading .elementor-heading-title.elementor-size-xl{font-size:39px}.elementor-widget-heading .elementor-heading-title.elementor-size-xxl{font-size:59px}<\/style><div class=\"elementor-heading-title elementor-size-default\">Kategorijos<\/div>\t\t<\/div>\n\t\t\t\t<\/div>\n\t\t\t\t<div class=\"elementor-element elementor-element-34005ae elementor-widget-tablet__width-inherit category-menu-button elementor-hidden-desktop elementor-widget elementor-widget-button\" data-id=\"34005ae\" data-element_type=\"widget\" data-widget_type=\"button.default\">\n\t\t\t\t<div class=\"elementor-widget-container\">\n\t\t\t\t\t<div class=\"elementor-button-wrapper\">\n\t\t\t<a class=\"elementor-button elementor-button-link elementor-size-sm\" href=\"#\">\n\t\t\t\t\t\t<span class=\"elementor-button-content-wrapper\">\n\t\t\t\t\t\t<span class=\"elementor-button-icon elementor-align-icon-right\">\n\t\t\t\t<i aria-hidden=\"true\" class=\"icon icon-chevron-down\"><\/i>\t\t\t<\/span>\n\t\t\t\t\t\t<span class=\"elementor-button-text\">Kategorijos<\/span>\n\t\t<\/span>\n\t\t\t\t\t<\/a>\n\t\t<\/div>\n\t\t\t\t<\/div>\n\t\t\t\t<\/div>\n\t\t\t\t<div class=\"elementor-element elementor-element-e63c32b elementor-hidden-tablet elementor-hidden-mobile categories-menu elementor-widget elementor-widget-wp-widget-nav_menu\" data-id=\"e63c32b\" data-element_type=\"widget\" data-widget_type=\"wp-widget-nav_menu.default\">\n\t\t\t\t<div class=\"elementor-widget-container\">\n\t\t\t<div class=\"menu-category-menu-paper-container\"><ul id=\"menu-category-menu-paper\" class=\"menu\"><li id=\"menu-item-5016\" class=\"menu-item menu-item-type-post_type menu-item-object-page menu-item-has-children menu-item-5016\"><a href=\"https:\/\/www.bionalis.lt\/paper-film-packaging\/paper-films-foils-for-sewing-and-furniture-industries\/\">Popierius, pl\u0117vel\u0117 siuvimo ir bald\u0173 pramonei<\/a>\n<ul class=\"sub-menu\">\n\t<li id=\"menu-item-5017\" class=\"menu-item menu-item-type-post_type menu-item-object-page menu-item-has-children menu-item-5017\"><a href=\"https:\/\/www.bionalis.lt\/paper-film-packaging\/paper-films-foils-for-sewing-and-furniture-industries\/paper-films-foils-for-automatic-cutting\/\">Popierius ir pl\u0117vel\u0117 automatiniam sukirpimui<\/a>\n\t<ul class=\"sub-menu\">\n\t\t<li id=\"menu-item-5018\" class=\"menu-item menu-item-type-post_type menu-item-object-page menu-item-5018\"><a href=\"https:\/\/www.bionalis.lt\/paper-film-packaging\/paper-films-foils-for-sewing-and-furniture-industries\/paper-films-foils-for-automatic-cutting\/film-foil\/\">Sukirpimo pl\u0117vel\u0117<\/a><\/li>\n\t\t<li id=\"menu-item-5019\" class=\"menu-item menu-item-type-post_type menu-item-object-page menu-item-5019\"><a href=\"https:\/\/www.bionalis.lt\/paper-film-packaging\/paper-films-foils-for-sewing-and-furniture-industries\/paper-films-foils-for-automatic-cutting\/perforated-paper\/\">Perforuotas popierius<\/a><\/li>\n\t\t<li id=\"menu-item-5020\" class=\"menu-item menu-item-type-post_type menu-item-object-page menu-item-5020\"><a href=\"https:\/\/www.bionalis.lt\/paper-film-packaging\/paper-films-foils-for-sewing-and-furniture-industries\/paper-films-foils-for-automatic-cutting\/underlay-paper\/\">Paklojimo popierius<\/a><\/li>\n\t<\/ul>\n<\/li>\n\t<li id=\"menu-item-5021\" class=\"menu-item menu-item-type-post_type menu-item-object-page menu-item-has-children menu-item-5021\"><a href=\"https:\/\/www.bionalis.lt\/paper-film-packaging\/paper-films-foils-for-sewing-and-furniture-industries\/plotter-paper-for-drawing-plotting\/\">Ploterinis popierius brai\u017eymui<\/a>\n\t<ul class=\"sub-menu\">\n\t\t<li id=\"menu-item-5022\" class=\"menu-item menu-item-type-post_type menu-item-object-page menu-item-5022\"><a href=\"https:\/\/www.bionalis.lt\/paper-film-packaging\/paper-films-foils-for-sewing-and-furniture-industries\/plotter-paper-for-drawing-plotting\/heatseal-plotter-paper\/\">Lipnus ploterinis popierius<\/a><\/li>\n\t\t<li id=\"menu-item-5023\" class=\"menu-item menu-item-type-post_type menu-item-object-page menu-item-5023\"><a href=\"https:\/\/www.bionalis.lt\/paper-film-packaging\/paper-films-foils-for-sewing-and-furniture-industries\/plotter-paper-for-drawing-plotting\/plain-potter-paper\/\">Nelipnus ploterinis popierius<\/a><\/li>\n\t<\/ul>\n<\/li>\n<\/ul>\n<\/li>\n<li id=\"menu-item-5024\" class=\"menu-item menu-item-type-post_type menu-item-object-page menu-item-has-children menu-item-5024\"><a href=\"https:\/\/www.bionalis.lt\/paper-film-packaging\/packaging\/\">Pakavimas<\/a>\n<ul class=\"sub-menu\">\n\t<li id=\"menu-item-5026\" class=\"menu-item menu-item-type-post_type menu-item-object-page menu-item-has-children menu-item-5026\"><a href=\"https:\/\/www.bionalis.lt\/paper-film-packaging\/packaging\/film\/\">Pl\u0117vel\u0117s<\/a>\n\t<ul class=\"sub-menu\">\n\t\t<li id=\"menu-item-5031\" class=\"menu-item menu-item-type-post_type menu-item-object-page menu-item-5031\"><a href=\"https:\/\/www.bionalis.lt\/paper-film-packaging\/packaging\/film\/air-bubble-film\/\">Burbulin\u0117 pl\u0117vel\u0117<\/a><\/li>\n\t\t<li id=\"menu-item-5033\" class=\"menu-item menu-item-type-post_type menu-item-object-page menu-item-5033\"><a href=\"https:\/\/www.bionalis.lt\/paper-film-packaging\/packaging\/film\/polyethylene-foam-film\/\">Put\u0173 polietilenas<\/a><\/li>\n\t\t<li id=\"menu-item-5032\" class=\"menu-item menu-item-type-post_type menu-item-object-page menu-item-5032\"><a href=\"https:\/\/www.bionalis.lt\/paper-film-packaging\/packaging\/film\/paper-bubble-wrap\/\">Burbulin\u0117 pl\u0117vel\u0117 su popieriumi<\/a><\/li>\n\t<\/ul>\n<\/li>\n\t<li id=\"menu-item-5027\" class=\"menu-item menu-item-type-post_type menu-item-object-page menu-item-has-children menu-item-5027\"><a href=\"https:\/\/www.bionalis.lt\/paper-film-packaging\/packaging\/paper\/\">Popierius<\/a>\n\t<ul class=\"sub-menu\">\n\t\t<li id=\"menu-item-5030\" class=\"menu-item menu-item-type-post_type menu-item-object-page menu-item-5030\"><a href=\"https:\/\/www.bionalis.lt\/paper-film-packaging\/packaging\/paper\/recycled-paper\/\">Makulat\u016brinis popierius<\/a><\/li>\n\t\t<li id=\"menu-item-5029\" class=\"menu-item menu-item-type-post_type menu-item-object-page menu-item-5029\"><a href=\"https:\/\/www.bionalis.lt\/paper-film-packaging\/packaging\/paper\/pulp-paper\/\">Celiuliozinis popierius<\/a><\/li>\n\t\t<li id=\"menu-item-5028\" class=\"menu-item menu-item-type-post_type menu-item-object-page menu-item-5028\"><a href=\"https:\/\/www.bionalis.lt\/paper-film-packaging\/packaging\/paper\/floor-protection-paper\/\">U\u017edengimo popierius<\/a><\/li>\n\t<\/ul>\n<\/li>\n\t<li id=\"menu-item-5025\" class=\"menu-item menu-item-type-post_type menu-item-object-page menu-item-has-children menu-item-5025\"><a href=\"https:\/\/www.bionalis.lt\/paper-film-packaging\/packaging\/cardboard\/\">Gofruotas kartonas<\/a>\n\t<ul class=\"sub-menu\">\n\t\t<li id=\"menu-item-5034\" class=\"menu-item menu-item-type-post_type menu-item-object-page menu-item-5034\"><a href=\"https:\/\/www.bionalis.lt\/paper-film-packaging\/packaging\/cardboard\/2-layer-corrugated-cardboard\/\">2 layer corrugated cardboard<\/a><\/li>\n\t\t<li id=\"menu-item-5035\" class=\"menu-item menu-item-type-post_type menu-item-object-page menu-item-5035\"><a href=\"https:\/\/www.bionalis.lt\/paper-film-packaging\/packaging\/cardboard\/3-layer-corrugated-cardboard\/\">Gofruotas kartonas 3 sluoksni\u0173<\/a><\/li>\n\t\t<li id=\"menu-item-5036\" class=\"menu-item menu-item-type-post_type menu-item-object-page menu-item-5036\"><a href=\"https:\/\/www.bionalis.lt\/paper-film-packaging\/packaging\/cardboard\/recycled-cardboard\/\">Gofruotas kartonas perdirbtas<\/a><\/li>\n\t<\/ul>\n<\/li>\n<\/ul>\n<\/li>\n<li id=\"menu-item-5037\" class=\"menu-item menu-item-type-post_type menu-item-object-page menu-item-has-children menu-item-5037\"><a href=\"https:\/\/www.bionalis.lt\/paper-film-packaging\/polystyrene\/\">Polistirolas<\/a>\n<ul class=\"sub-menu\">\n\t<li id=\"menu-item-5040\" class=\"menu-item menu-item-type-post_type menu-item-object-page menu-item-5040\"><a href=\"https:\/\/www.bionalis.lt\/paper-film-packaging\/polystyrene\/packaging\/\">Pakavimui<\/a><\/li>\n\t<li id=\"menu-item-5039\" class=\"menu-item menu-item-type-post_type menu-item-object-page menu-item-5039\"><a href=\"https:\/\/www.bionalis.lt\/paper-film-packaging\/polystyrene\/interior-decoration\/\">Interjero dekoravimui<\/a><\/li>\n\t<li id=\"menu-item-5038\" class=\"menu-item menu-item-type-post_type menu-item-object-page menu-item-5038\"><a href=\"https:\/\/www.bionalis.lt\/paper-film-packaging\/polystyrene\/advertising\/\">Reklamai<\/a><\/li>\n<\/ul>\n<\/li>\n<\/ul><\/div>\t\t<\/div>\n\t\t\t\t<\/div>\n\t\t\t\t<\/div>\n\t\t<div class=\"elementor-element elementor-element-a841cf0 e-con-full e-flex e-con\" data-id=\"a841cf0\" data-element_type=\"container\" data-settings=\"{&quot;content_width&quot;:&quot;full&quot;}\">\n\t\t\t\t<\/div>\n\t\t\t\t\t<\/div>\n\t\t\t\t<\/div>\n\t\t\t\t\t\t\t<\/div>\n\t\t","protected":false},"excerpt":{"rendered":"<p>Find the balance between strength and flexibility with our 2-layer corrugated cardboard. Ideal for lightweight packaging, it provides essential protection while remaining easy to handle and recycle. Rodyti daugiau Rodyti ma\u017eiau Kategorijos Kategorijos<\/p>\n","protected":false},"author":1,"featured_media":7411,"parent":4794,"menu_order":0,"comment_status":"closed","ping_status":"closed","template":"elementor_header_footer","meta":{"footnotes":""},"class_list":["post-4849","page","type-page","status-publish","has-post-thumbnail","hentry"],"yoast_head":"<!-- This site is optimized with the Yoast SEO plugin v27.3 - https:\/\/yoast.com\/product\/yoast-seo-wordpress\/ -->\n<title>2 layer corrugated cardboard - Bionalis<\/title>\n<meta name=\"robots\" content=\"index, follow, max-snippet:-1, max-image-preview:large, max-video-preview:-1\" \/>\n<link rel=\"canonical\" href=\"https:\/\/www.bionalis.lt\/paper-film-packaging\/packaging\/cardboard\/2-layer-corrugated-cardboard\/\" \/>\n<meta property=\"og:locale\" content=\"lt_LT\" \/>\n<meta property=\"og:type\" content=\"article\" \/>\n<meta property=\"og:title\" content=\"2 layer corrugated cardboard - Bionalis\" \/>\n<meta property=\"og:description\" content=\"Find the balance between strength and flexibility with our 2-layer corrugated cardboard. Ideal for lightweight packaging, it provides essential protection while remaining easy to handle and recycle. Rodyti daugiau Rodyti ma\u017eiau Kategorijos Kategorijos\" \/>\n<meta property=\"og:url\" content=\"https:\/\/www.bionalis.lt\/paper-film-packaging\/packaging\/cardboard\/2-layer-corrugated-cardboard\/\" \/>\n<meta property=\"og:site_name\" content=\"Bionalis\" \/>\n<meta property=\"article:modified_time\" content=\"2023-12-06T14:26:44+00:00\" \/>\n<meta property=\"og:image\" content=\"https:\/\/www.bionalis.lt\/wp-content\/uploads\/2023\/08\/cat_Cardboard-300x209-4.jpg\" \/>\n\t<meta property=\"og:image:width\" content=\"300\" \/>\n\t<meta property=\"og:image:height\" content=\"209\" \/>\n\t<meta property=\"og:image:type\" content=\"image\/jpeg\" \/>\n<meta name=\"twitter:card\" content=\"summary_large_image\" \/>\n<meta name=\"twitter:label1\" content=\"Est. reading time\" \/>\n\t<meta name=\"twitter:data1\" content=\"1 minut\u0117\" \/>\n<script type=\"application\/ld+json\" class=\"yoast-schema-graph\">{\"@context\":\"https:\\\/\\\/schema.org\",\"@graph\":[{\"@type\":\"WebPage\",\"@id\":\"https:\\\/\\\/www.bionalis.lt\\\/paper-film-packaging\\\/packaging\\\/cardboard\\\/2-layer-corrugated-cardboard\\\/\",\"url\":\"https:\\\/\\\/www.bionalis.lt\\\/paper-film-packaging\\\/packaging\\\/cardboard\\\/2-layer-corrugated-cardboard\\\/\",\"name\":\"2 layer corrugated cardboard - Bionalis\",\"isPartOf\":{\"@id\":\"https:\\\/\\\/www.bionalis.lt\\\/#website\"},\"primaryImageOfPage\":{\"@id\":\"https:\\\/\\\/www.bionalis.lt\\\/paper-film-packaging\\\/packaging\\\/cardboard\\\/2-layer-corrugated-cardboard\\\/#primaryimage\"},\"image\":{\"@id\":\"https:\\\/\\\/www.bionalis.lt\\\/paper-film-packaging\\\/packaging\\\/cardboard\\\/2-layer-corrugated-cardboard\\\/#primaryimage\"},\"thumbnailUrl\":\"https:\\\/\\\/www.bionalis.lt\\\/wp-content\\\/uploads\\\/2023\\\/08\\\/cat_Cardboard-300x209-4.jpg\",\"datePublished\":\"2023-08-23T13:36:32+00:00\",\"dateModified\":\"2023-12-06T14:26:44+00:00\",\"breadcrumb\":{\"@id\":\"https:\\\/\\\/www.bionalis.lt\\\/paper-film-packaging\\\/packaging\\\/cardboard\\\/2-layer-corrugated-cardboard\\\/#breadcrumb\"},\"inLanguage\":\"lt-LT\",\"potentialAction\":[{\"@type\":\"ReadAction\",\"target\":[\"https:\\\/\\\/www.bionalis.lt\\\/paper-film-packaging\\\/packaging\\\/cardboard\\\/2-layer-corrugated-cardboard\\\/\"]}]},{\"@type\":\"ImageObject\",\"inLanguage\":\"lt-LT\",\"@id\":\"https:\\\/\\\/www.bionalis.lt\\\/paper-film-packaging\\\/packaging\\\/cardboard\\\/2-layer-corrugated-cardboard\\\/#primaryimage\",\"url\":\"https:\\\/\\\/www.bionalis.lt\\\/wp-content\\\/uploads\\\/2023\\\/08\\\/cat_Cardboard-300x209-4.jpg\",\"contentUrl\":\"https:\\\/\\\/www.bionalis.lt\\\/wp-content\\\/uploads\\\/2023\\\/08\\\/cat_Cardboard-300x209-4.jpg\",\"width\":300,\"height\":209},{\"@type\":\"BreadcrumbList\",\"@id\":\"https:\\\/\\\/www.bionalis.lt\\\/paper-film-packaging\\\/packaging\\\/cardboard\\\/2-layer-corrugated-cardboard\\\/#breadcrumb\",\"itemListElement\":[{\"@type\":\"ListItem\",\"position\":1,\"name\":\"\",\"item\":\"https:\\\/\\\/www.bionalis.lt\\\/lt\\\/\"},{\"@type\":\"ListItem\",\"position\":2,\"name\":\"Popierius, pl\u0117vel\u0117, pakavimas\",\"item\":\"https:\\\/\\\/www.bionalis.lt\\\/lt\\\/popierius-plevele-pakavimas\\\/\"},{\"@type\":\"ListItem\",\"position\":3,\"name\":\"Pakavimas\",\"item\":\"https:\\\/\\\/www.bionalis.lt\\\/paper-film-packaging\\\/packaging\\\/\"},{\"@type\":\"ListItem\",\"position\":4,\"name\":\"Gofruotas kartonas\",\"item\":\"https:\\\/\\\/www.bionalis.lt\\\/paper-film-packaging\\\/packaging\\\/cardboard\\\/\"},{\"@type\":\"ListItem\",\"position\":5,\"name\":\"2 layer corrugated cardboard\"}]},{\"@type\":\"WebSite\",\"@id\":\"https:\\\/\\\/www.bionalis.lt\\\/#website\",\"url\":\"https:\\\/\\\/www.bionalis.lt\\\/\",\"name\":\"Bionalis\",\"description\":\"\",\"publisher\":{\"@id\":\"https:\\\/\\\/www.bionalis.lt\\\/#organization\"},\"potentialAction\":[{\"@type\":\"SearchAction\",\"target\":{\"@type\":\"EntryPoint\",\"urlTemplate\":\"https:\\\/\\\/www.bionalis.lt\\\/?s={search_term_string}\"},\"query-input\":{\"@type\":\"PropertyValueSpecification\",\"valueRequired\":true,\"valueName\":\"search_term_string\"}}],\"inLanguage\":\"lt-LT\"},{\"@type\":\"Organization\",\"@id\":\"https:\\\/\\\/www.bionalis.lt\\\/#organization\",\"name\":\"Bionalis\",\"url\":\"https:\\\/\\\/www.bionalis.lt\\\/\",\"logo\":{\"@type\":\"ImageObject\",\"inLanguage\":\"lt-LT\",\"@id\":\"https:\\\/\\\/www.bionalis.lt\\\/#\\\/schema\\\/logo\\\/image\\\/\",\"url\":\"https:\\\/\\\/www.bionalis.lt\\\/wp-content\\\/uploads\\\/2023\\\/07\\\/logo_Bionalis-1.svg\",\"contentUrl\":\"https:\\\/\\\/www.bionalis.lt\\\/wp-content\\\/uploads\\\/2023\\\/07\\\/logo_Bionalis-1.svg\",\"width\":600,\"height\":149,\"caption\":\"Bionalis\"},\"image\":{\"@id\":\"https:\\\/\\\/www.bionalis.lt\\\/#\\\/schema\\\/logo\\\/image\\\/\"}}]}<\/script>\n<!-- \/ Yoast SEO plugin. -->","yoast_head_json":{"title":"2 layer corrugated cardboard - Bionalis","robots":{"index":"index","follow":"follow","max-snippet":"max-snippet:-1","max-image-preview":"max-image-preview:large","max-video-preview":"max-video-preview:-1"},"canonical":"https:\/\/www.bionalis.lt\/paper-film-packaging\/packaging\/cardboard\/2-layer-corrugated-cardboard\/","og_locale":"lt_LT","og_type":"article","og_title":"2 layer corrugated cardboard - Bionalis","og_description":"Find the balance between strength and flexibility with our 2-layer corrugated cardboard. Ideal for lightweight packaging, it provides essential protection while remaining easy to handle and recycle. Rodyti daugiau Rodyti ma\u017eiau Kategorijos Kategorijos","og_url":"https:\/\/www.bionalis.lt\/paper-film-packaging\/packaging\/cardboard\/2-layer-corrugated-cardboard\/","og_site_name":"Bionalis","article_modified_time":"2023-12-06T14:26:44+00:00","og_image":[{"width":300,"height":209,"url":"https:\/\/www.bionalis.lt\/wp-content\/uploads\/2023\/08\/cat_Cardboard-300x209-4.jpg","type":"image\/jpeg"}],"twitter_card":"summary_large_image","twitter_misc":{"Est. reading time":"1 minut\u0117"},"schema":{"@context":"https:\/\/schema.org","@graph":[{"@type":"WebPage","@id":"https:\/\/www.bionalis.lt\/paper-film-packaging\/packaging\/cardboard\/2-layer-corrugated-cardboard\/","url":"https:\/\/www.bionalis.lt\/paper-film-packaging\/packaging\/cardboard\/2-layer-corrugated-cardboard\/","name":"2 layer corrugated cardboard - Bionalis","isPartOf":{"@id":"https:\/\/www.bionalis.lt\/#website"},"primaryImageOfPage":{"@id":"https:\/\/www.bionalis.lt\/paper-film-packaging\/packaging\/cardboard\/2-layer-corrugated-cardboard\/#primaryimage"},"image":{"@id":"https:\/\/www.bionalis.lt\/paper-film-packaging\/packaging\/cardboard\/2-layer-corrugated-cardboard\/#primaryimage"},"thumbnailUrl":"https:\/\/www.bionalis.lt\/wp-content\/uploads\/2023\/08\/cat_Cardboard-300x209-4.jpg","datePublished":"2023-08-23T13:36:32+00:00","dateModified":"2023-12-06T14:26:44+00:00","breadcrumb":{"@id":"https:\/\/www.bionalis.lt\/paper-film-packaging\/packaging\/cardboard\/2-layer-corrugated-cardboard\/#breadcrumb"},"inLanguage":"lt-LT","potentialAction":[{"@type":"ReadAction","target":["https:\/\/www.bionalis.lt\/paper-film-packaging\/packaging\/cardboard\/2-layer-corrugated-cardboard\/"]}]},{"@type":"ImageObject","inLanguage":"lt-LT","@id":"https:\/\/www.bionalis.lt\/paper-film-packaging\/packaging\/cardboard\/2-layer-corrugated-cardboard\/#primaryimage","url":"https:\/\/www.bionalis.lt\/wp-content\/uploads\/2023\/08\/cat_Cardboard-300x209-4.jpg","contentUrl":"https:\/\/www.bionalis.lt\/wp-content\/uploads\/2023\/08\/cat_Cardboard-300x209-4.jpg","width":300,"height":209},{"@type":"BreadcrumbList","@id":"https:\/\/www.bionalis.lt\/paper-film-packaging\/packaging\/cardboard\/2-layer-corrugated-cardboard\/#breadcrumb","itemListElement":[{"@type":"ListItem","position":1,"name":"","item":"https:\/\/www.bionalis.lt\/lt\/"},{"@type":"ListItem","position":2,"name":"Popierius, pl\u0117vel\u0117, pakavimas","item":"https:\/\/www.bionalis.lt\/lt\/popierius-plevele-pakavimas\/"},{"@type":"ListItem","position":3,"name":"Pakavimas","item":"https:\/\/www.bionalis.lt\/paper-film-packaging\/packaging\/"},{"@type":"ListItem","position":4,"name":"Gofruotas kartonas","item":"https:\/\/www.bionalis.lt\/paper-film-packaging\/packaging\/cardboard\/"},{"@type":"ListItem","position":5,"name":"2 layer corrugated cardboard"}]},{"@type":"WebSite","@id":"https:\/\/www.bionalis.lt\/#website","url":"https:\/\/www.bionalis.lt\/","name":"Bionalis","description":"","publisher":{"@id":"https:\/\/www.bionalis.lt\/#organization"},"potentialAction":[{"@type":"SearchAction","target":{"@type":"EntryPoint","urlTemplate":"https:\/\/www.bionalis.lt\/?s={search_term_string}"},"query-input":{"@type":"PropertyValueSpecification","valueRequired":true,"valueName":"search_term_string"}}],"inLanguage":"lt-LT"},{"@type":"Organization","@id":"https:\/\/www.bionalis.lt\/#organization","name":"Bionalis","url":"https:\/\/www.bionalis.lt\/","logo":{"@type":"ImageObject","inLanguage":"lt-LT","@id":"https:\/\/www.bionalis.lt\/#\/schema\/logo\/image\/","url":"https:\/\/www.bionalis.lt\/wp-content\/uploads\/2023\/07\/logo_Bionalis-1.svg","contentUrl":"https:\/\/www.bionalis.lt\/wp-content\/uploads\/2023\/07\/logo_Bionalis-1.svg","width":600,"height":149,"caption":"Bionalis"},"image":{"@id":"https:\/\/www.bionalis.lt\/#\/schema\/logo\/image\/"}}]}},"_links":{"self":[{"href":"https:\/\/www.bionalis.lt\/lt\/wp-json\/wp\/v2\/pages\/4849","targetHints":{"allow":["GET"]}}],"collection":[{"href":"https:\/\/www.bionalis.lt\/lt\/wp-json\/wp\/v2\/pages"}],"about":[{"href":"https:\/\/www.bionalis.lt\/lt\/wp-json\/wp\/v2\/types\/page"}],"author":[{"embeddable":true,"href":"https:\/\/www.bionalis.lt\/lt\/wp-json\/wp\/v2\/users\/1"}],"replies":[{"embeddable":true,"href":"https:\/\/www.bionalis.lt\/lt\/wp-json\/wp\/v2\/comments?post=4849"}],"version-history":[{"count":33,"href":"https:\/\/www.bionalis.lt\/lt\/wp-json\/wp\/v2\/pages\/4849\/revisions"}],"predecessor-version":[{"id":7465,"href":"https:\/\/www.bionalis.lt\/lt\/wp-json\/wp\/v2\/pages\/4849\/revisions\/7465"}],"up":[{"embeddable":true,"href":"https:\/\/www.bionalis.lt\/lt\/wp-json\/wp\/v2\/pages\/4794"}],"wp:featuredmedia":[{"embeddable":true,"href":"https:\/\/www.bionalis.lt\/lt\/wp-json\/wp\/v2\/media\/7411"}],"wp:attachment":[{"href":"https:\/\/www.bionalis.lt\/lt\/wp-json\/wp\/v2\/media?parent=4849"}],"curies":[{"name":"wp","href":"https:\/\/api.w.org\/{rel}","templated":true}]}}