{"id":8366,"date":"2025-09-29T13:41:55","date_gmt":"2025-09-29T10:41:55","guid":{"rendered":"https:\/\/www.bionalis.lt\/?page_id=8366"},"modified":"2026-03-20T15:57:56","modified_gmt":"2026-03-20T13:57:56","slug":"ataskaitos","status":"publish","type":"page","link":"https:\/\/www.bionalis.lt\/lt\/bionalis-wind\/ataskaitos\/","title":{"rendered":"Ataskaitos"},"content":{"rendered":"\t\t<div data-elementor-type=\"wp-page\" data-elementor-id=\"8366\" class=\"elementor elementor-8366 elementor-8365\" data-elementor-post-type=\"page\">\n\t\t\t\t\t\t\t<div class=\"elementor-element elementor-element-a6f012b e-flex e-con-boxed e-con\" data-id=\"a6f012b\" data-element_type=\"container\" data-settings=\"{&quot;content_width&quot;:&quot;boxed&quot;}\">\n\t\t\t\t\t<div class=\"e-con-inner\">\n\t\t\t\t<div class=\"elementor-element elementor-element-199ffc3 elementor-align-left elementor-widget elementor-widget-breadcrumbs\" data-id=\"199ffc3\" data-element_type=\"widget\" data-widget_type=\"breadcrumbs.default\">\n\t\t\t\t<div class=\"elementor-widget-container\">\n\t\t\t<link rel=\"stylesheet\" href=\"https:\/\/www.bionalis.lt\/wp-content\/plugins\/pro-elements\/assets\/css\/widget-theme-elements.min.css\"><p id=\"breadcrumbs\"><span><span><a href=\"https:\/\/www.bionalis.lt\/lt\/\"><i class=\"icon-house\"><\/i><\/a><\/span><\/span><\/p>\t\t<\/div>\n\t\t\t\t<\/div>\n\t\t\t\t\t<\/div>\n\t\t\t\t<\/div>\n\t\t<div class=\"elementor-element elementor-element-b7b051d e-flex e-con-boxed e-con\" data-id=\"b7b051d\" data-element_type=\"container\" data-settings=\"{&quot;content_width&quot;:&quot;boxed&quot;}\">\n\t\t\t\t\t<div class=\"e-con-inner\">\n\t\t\t\t<div class=\"elementor-element elementor-element-f3fc6f5 elementor-widget elementor-widget-heading\" data-id=\"f3fc6f5\" data-element_type=\"widget\" data-widget_type=\"heading.default\">\n\t\t\t\t<div class=\"elementor-widget-container\">\n\t\t\t<style>\/*! elementor - v3.15.0 - 09-08-2023 *\/\n.elementor-heading-title{padding:0;margin:0;line-height:1}.elementor-widget-heading .elementor-heading-title[class*=elementor-size-]>a{color:inherit;font-size:inherit;line-height:inherit}.elementor-widget-heading .elementor-heading-title.elementor-size-small{font-size:15px}.elementor-widget-heading .elementor-heading-title.elementor-size-medium{font-size:19px}.elementor-widget-heading .elementor-heading-title.elementor-size-large{font-size:29px}.elementor-widget-heading .elementor-heading-title.elementor-size-xl{font-size:39px}.elementor-widget-heading .elementor-heading-title.elementor-size-xxl{font-size:59px}<\/style><h1 class=\"elementor-heading-title elementor-size-default\">Ataskaitos<\/h1>\t\t<\/div>\n\t\t\t\t<\/div>\n\t\t\t\t\t<\/div>\n\t\t\t\t<\/div>\n\t\t<div class=\"elementor-element elementor-element-e7d3715 e-flex e-con-boxed e-con\" data-id=\"e7d3715\" data-element_type=\"container\" data-settings=\"{&quot;content_width&quot;:&quot;boxed&quot;}\">\n\t\t\t\t\t<div class=\"e-con-inner\">\n\t\t\t\t<div class=\"elementor-element elementor-element-29c01a1 elementor-widget elementor-widget-text-editor\" data-id=\"29c01a1\" data-element_type=\"widget\" data-widget_type=\"text-editor.default\">\n\t\t\t\t<div class=\"elementor-widget-container\">\n\t\t\t<style>\/*! elementor - v3.15.0 - 09-08-2023 *\/\n.elementor-widget-text-editor.elementor-drop-cap-view-stacked .elementor-drop-cap{background-color:#69727d;color:#fff}.elementor-widget-text-editor.elementor-drop-cap-view-framed .elementor-drop-cap{color:#69727d;border:3px solid;background-color:transparent}.elementor-widget-text-editor:not(.elementor-drop-cap-view-default) .elementor-drop-cap{margin-top:8px}.elementor-widget-text-editor:not(.elementor-drop-cap-view-default) .elementor-drop-cap-letter{width:1em;height:1em}.elementor-widget-text-editor .elementor-drop-cap{float:left;text-align:center;line-height:1;font-size:50px}.elementor-widget-text-editor .elementor-drop-cap-letter{display:inline-block}<\/style>\t\t\t\t<ul>\n \t<li><span class=\"toggle-title\">\n5 V\u0117jo elektrini\u0173 Marijampol\u0117s r.sav., Marijampol\u0117s sen., Ki\u017ei\u0173, Gudin\u0117s ir Kukt\u0173 kaimuose Pauk\u0161\u010di\u0173 ir \u0161ik\u0161nosparni\u0173 monitoringo ataskaitos\n<\/span>\n<ul class=\"toggle-content\" style=\"display: none;\">\n \t<li><a href=\"https:\/\/www.bionalis.lt\/wp-content\/uploads\/2025\/09\/1.-Monitoringo-ataskaita-2024m-.pdf\" target=\"_blank\" rel=\"noopener\">\nMonitoringo ataskaita 2024m.\n<\/a><\/li>\n<\/ul>\n<\/li>\n<\/ul>\n&nbsp;\n<ul>\n \t<li><span class=\"toggle-title\">\n6 V\u0117jo elektrini\u0173 Taurag\u0117s r., Taurag\u0117s sen., Gaur\u0117s sen., Bimbilin\u0117s, Kalni\u0161ki\u0173, Luk\u0161i\u0161ki\u0173 kaimuose Pauk\u0161\u010di\u0173 ir \u0161ik\u0161nosparni\u0173 monitoringo ataskaitos\n<\/span>\n<ul class=\"toggle-content\" style=\"display: none;\">\n \t<li><a href=\"https:\/\/www.bionalis.lt\/wp-content\/uploads\/2025\/11\/Bionalis-Taurages-VE-monitoringo-ataskaita-iki-statybu_2025-05-12.pdf\" target=\"_blank\" rel=\"noopener\">\nMonitoringo ataskaita 2023 m. kovo m\u0117n. \u2013 2024 m. vasario m\u0117n.\n<\/a><\/li>\n<\/ul>\n<\/li>\n<\/ul>\n&nbsp;\n<ul>\n \t<li><span class=\"toggle-title\">\n6 V\u0117jo elektrini\u0173 \u0160aki\u0173 r., Luk\u0161i\u0173 sen., \u0160aki\u0173 sen., Jurb\u016bd\u017ei\u0173, Brid\u017ei\u0173 kaimuose Pauk\u0161\u010di\u0173 ir \u0161ik\u0161nosparni\u0173 monitoringo ataskaitos\n<\/span>\n<ul class=\"toggle-content\" style=\"display: none;\">\n \t<li><a href=\"https:\/\/www.bionalis.lt\/wp-content\/uploads\/2026\/03\/Monitoringo_ataskaita_2021-03-01_-_2023-12-31.pdf\" target=\"_blank\" rel=\"noopener\">\nMonitoringo ataskaita 2021-03-01 \u2013 2023-12-31\n<\/a><\/li>\n<\/ul>\t\t\t\t\t\t<\/div>\n\t\t\t\t<\/div>\n\t\t\t\t\t<\/div>\n\t\t\t\t<\/div>\n\t\t<div class=\"elementor-element elementor-element-b61a113 e-flex e-con-boxed e-con\" data-id=\"b61a113\" data-element_type=\"container\" data-settings=\"{&quot;content_width&quot;:&quot;boxed&quot;}\">\n\t\t\t\t\t<div class=\"e-con-inner\">\n\t\t\t\t<div class=\"elementor-element elementor-element-ac24792 elementor-widget elementor-widget-spacer\" data-id=\"ac24792\" data-element_type=\"widget\" data-widget_type=\"spacer.default\">\n\t\t\t\t<div class=\"elementor-widget-container\">\n\t\t\t<style>\/*! elementor - v3.15.0 - 09-08-2023 *\/\n.elementor-column .elementor-spacer-inner{height:var(--spacer-size)}.e-con{--container-widget-width:100%}.e-con-inner>.elementor-widget-spacer,.e-con>.elementor-widget-spacer{width:var(--container-widget-width,var(--spacer-size));--align-self:var(--container-widget-align-self,initial);--flex-shrink:0}.e-con-inner>.elementor-widget-spacer>.elementor-widget-container,.e-con-inner>.elementor-widget-spacer>.elementor-widget-container>.elementor-spacer,.e-con>.elementor-widget-spacer>.elementor-widget-container,.e-con>.elementor-widget-spacer>.elementor-widget-container>.elementor-spacer{height:100%}.e-con-inner>.elementor-widget-spacer>.elementor-widget-container>.elementor-spacer>.elementor-spacer-inner,.e-con>.elementor-widget-spacer>.elementor-widget-container>.elementor-spacer>.elementor-spacer-inner{height:var(--container-widget-height,var(--spacer-size))}<\/style>\t\t<div class=\"elementor-spacer\">\n\t\t\t<div class=\"elementor-spacer-inner\"><\/div>\n\t\t<\/div>\n\t\t\t\t<\/div>\n\t\t\t\t<\/div>\n\t\t\t\t\t<\/div>\n\t\t\t\t<\/div>\n\t\t\t\t\t\t\t<\/div>\n\t\t","protected":false},"excerpt":{"rendered":"<p>Ataskaitos 5 V\u0117jo elektrini\u0173 Marijampol\u0117s r.sav., Marijampol\u0117s sen., Ki\u017ei\u0173, Gudin\u0117s ir Kukt\u0173 kaimuose Pauk\u0161\u010di\u0173 ir \u0161ik\u0161nosparni\u0173 monitoringo ataskaitos Monitoringo ataskaita 2024m. &nbsp; 6 V\u0117jo elektrini\u0173 Taurag\u0117s r., Taurag\u0117s sen., Gaur\u0117s sen., Bimbilin\u0117s, Kalni\u0161ki\u0173, Luk\u0161i\u0161ki\u0173 kaimuose Pauk\u0161\u010di\u0173 ir \u0161ik\u0161nosparni\u0173 monitoringo ataskaitos Monitoringo ataskaita 2023 m. kovo m\u0117n. \u2013 2024 m. vasario m\u0117n. &nbsp; 6 V\u0117jo elektrini\u0173 [&hellip;]<\/p>\n","protected":false},"author":1,"featured_media":0,"parent":4377,"menu_order":0,"comment_status":"closed","ping_status":"closed","template":"","meta":{"footnotes":""},"class_list":["post-8366","page","type-page","status-publish","hentry"],"yoast_head":"<!-- This site is optimized with the Yoast SEO plugin v27.5 - https:\/\/yoast.com\/product\/yoast-seo-wordpress\/ -->\n<title>Ataskaitos - Bionalis<\/title>\n<meta name=\"robots\" content=\"index, follow, max-snippet:-1, max-image-preview:large, max-video-preview:-1\" \/>\n<link rel=\"canonical\" href=\"https:\/\/www.bionalis.lt\/lt\/bionalis-wind\/ataskaitos\/\" \/>\n<meta property=\"og:locale\" content=\"lt_LT\" \/>\n<meta property=\"og:type\" content=\"article\" \/>\n<meta property=\"og:title\" content=\"Ataskaitos - Bionalis\" \/>\n<meta property=\"og:description\" content=\"Ataskaitos 5 V\u0117jo elektrini\u0173 Marijampol\u0117s r.sav., Marijampol\u0117s sen., Ki\u017ei\u0173, Gudin\u0117s ir Kukt\u0173 kaimuose Pauk\u0161\u010di\u0173 ir \u0161ik\u0161nosparni\u0173 monitoringo ataskaitos Monitoringo ataskaita 2024m. &nbsp; 6 V\u0117jo elektrini\u0173 Taurag\u0117s r., Taurag\u0117s sen., Gaur\u0117s sen., Bimbilin\u0117s, Kalni\u0161ki\u0173, Luk\u0161i\u0161ki\u0173 kaimuose Pauk\u0161\u010di\u0173 ir \u0161ik\u0161nosparni\u0173 monitoringo ataskaitos Monitoringo ataskaita 2023 m. kovo m\u0117n. \u2013 2024 m. vasario m\u0117n. &nbsp; 6 V\u0117jo elektrini\u0173 [&hellip;]\" \/>\n<meta property=\"og:url\" content=\"https:\/\/www.bionalis.lt\/lt\/bionalis-wind\/ataskaitos\/\" \/>\n<meta property=\"og:site_name\" content=\"Bionalis\" \/>\n<meta property=\"article:modified_time\" content=\"2026-03-20T13:57:56+00:00\" \/>\n<meta name=\"twitter:card\" content=\"summary_large_image\" \/>\n<meta name=\"twitter:label1\" content=\"Est. reading time\" \/>\n\t<meta name=\"twitter:data1\" content=\"1 minut\u0117\" \/>\n<script type=\"application\/ld+json\" class=\"yoast-schema-graph\">{\"@context\":\"https:\\\/\\\/schema.org\",\"@graph\":[{\"@type\":\"WebPage\",\"@id\":\"https:\\\/\\\/www.bionalis.lt\\\/lt\\\/bionalis-wind\\\/ataskaitos\\\/\",\"url\":\"https:\\\/\\\/www.bionalis.lt\\\/lt\\\/bionalis-wind\\\/ataskaitos\\\/\",\"name\":\"Ataskaitos - Bionalis\",\"isPartOf\":{\"@id\":\"https:\\\/\\\/www.bionalis.lt\\\/#website\"},\"datePublished\":\"2025-09-29T10:41:55+00:00\",\"dateModified\":\"2026-03-20T13:57:56+00:00\",\"breadcrumb\":{\"@id\":\"https:\\\/\\\/www.bionalis.lt\\\/lt\\\/bionalis-wind\\\/ataskaitos\\\/#breadcrumb\"},\"inLanguage\":\"lt-LT\",\"potentialAction\":[{\"@type\":\"ReadAction\",\"target\":[\"https:\\\/\\\/www.bionalis.lt\\\/lt\\\/bionalis-wind\\\/ataskaitos\\\/\"]}]},{\"@type\":\"BreadcrumbList\",\"@id\":\"https:\\\/\\\/www.bionalis.lt\\\/lt\\\/bionalis-wind\\\/ataskaitos\\\/#breadcrumb\",\"itemListElement\":[{\"@type\":\"ListItem\",\"position\":1,\"name\":\"\",\"item\":\"https:\\\/\\\/www.bionalis.lt\\\/lt\\\/\"},{\"@type\":\"ListItem\",\"position\":2,\"name\":\"Bionalis Wind\",\"item\":\"https:\\\/\\\/www.bionalis.lt\\\/lt\\\/bionalis-wind\\\/\"},{\"@type\":\"ListItem\",\"position\":3,\"name\":\"Ataskaitos\"}]},{\"@type\":\"WebSite\",\"@id\":\"https:\\\/\\\/www.bionalis.lt\\\/#website\",\"url\":\"https:\\\/\\\/www.bionalis.lt\\\/\",\"name\":\"Bionalis\",\"description\":\"\",\"publisher\":{\"@id\":\"https:\\\/\\\/www.bionalis.lt\\\/#organization\"},\"potentialAction\":[{\"@type\":\"SearchAction\",\"target\":{\"@type\":\"EntryPoint\",\"urlTemplate\":\"https:\\\/\\\/www.bionalis.lt\\\/?s={search_term_string}\"},\"query-input\":{\"@type\":\"PropertyValueSpecification\",\"valueRequired\":true,\"valueName\":\"search_term_string\"}}],\"inLanguage\":\"lt-LT\"},{\"@type\":\"Organization\",\"@id\":\"https:\\\/\\\/www.bionalis.lt\\\/#organization\",\"name\":\"Bionalis\",\"url\":\"https:\\\/\\\/www.bionalis.lt\\\/\",\"logo\":{\"@type\":\"ImageObject\",\"inLanguage\":\"lt-LT\",\"@id\":\"https:\\\/\\\/www.bionalis.lt\\\/#\\\/schema\\\/logo\\\/image\\\/\",\"url\":\"https:\\\/\\\/www.bionalis.lt\\\/wp-content\\\/uploads\\\/2023\\\/07\\\/logo_Bionalis-1.svg\",\"contentUrl\":\"https:\\\/\\\/www.bionalis.lt\\\/wp-content\\\/uploads\\\/2023\\\/07\\\/logo_Bionalis-1.svg\",\"width\":600,\"height\":149,\"caption\":\"Bionalis\"},\"image\":{\"@id\":\"https:\\\/\\\/www.bionalis.lt\\\/#\\\/schema\\\/logo\\\/image\\\/\"}}]}<\/script>\n<!-- \/ Yoast SEO plugin. -->","yoast_head_json":{"title":"Ataskaitos - Bionalis","robots":{"index":"index","follow":"follow","max-snippet":"max-snippet:-1","max-image-preview":"max-image-preview:large","max-video-preview":"max-video-preview:-1"},"canonical":"https:\/\/www.bionalis.lt\/lt\/bionalis-wind\/ataskaitos\/","og_locale":"lt_LT","og_type":"article","og_title":"Ataskaitos - Bionalis","og_description":"Ataskaitos 5 V\u0117jo elektrini\u0173 Marijampol\u0117s r.sav., Marijampol\u0117s sen., Ki\u017ei\u0173, Gudin\u0117s ir Kukt\u0173 kaimuose Pauk\u0161\u010di\u0173 ir \u0161ik\u0161nosparni\u0173 monitoringo ataskaitos Monitoringo ataskaita 2024m. &nbsp; 6 V\u0117jo elektrini\u0173 Taurag\u0117s r., Taurag\u0117s sen., Gaur\u0117s sen., Bimbilin\u0117s, Kalni\u0161ki\u0173, Luk\u0161i\u0161ki\u0173 kaimuose Pauk\u0161\u010di\u0173 ir \u0161ik\u0161nosparni\u0173 monitoringo ataskaitos Monitoringo ataskaita 2023 m. kovo m\u0117n. \u2013 2024 m. vasario m\u0117n. &nbsp; 6 V\u0117jo elektrini\u0173 [&hellip;]","og_url":"https:\/\/www.bionalis.lt\/lt\/bionalis-wind\/ataskaitos\/","og_site_name":"Bionalis","article_modified_time":"2026-03-20T13:57:56+00:00","twitter_card":"summary_large_image","twitter_misc":{"Est. reading time":"1 minut\u0117"},"schema":{"@context":"https:\/\/schema.org","@graph":[{"@type":"WebPage","@id":"https:\/\/www.bionalis.lt\/lt\/bionalis-wind\/ataskaitos\/","url":"https:\/\/www.bionalis.lt\/lt\/bionalis-wind\/ataskaitos\/","name":"Ataskaitos - Bionalis","isPartOf":{"@id":"https:\/\/www.bionalis.lt\/#website"},"datePublished":"2025-09-29T10:41:55+00:00","dateModified":"2026-03-20T13:57:56+00:00","breadcrumb":{"@id":"https:\/\/www.bionalis.lt\/lt\/bionalis-wind\/ataskaitos\/#breadcrumb"},"inLanguage":"lt-LT","potentialAction":[{"@type":"ReadAction","target":["https:\/\/www.bionalis.lt\/lt\/bionalis-wind\/ataskaitos\/"]}]},{"@type":"BreadcrumbList","@id":"https:\/\/www.bionalis.lt\/lt\/bionalis-wind\/ataskaitos\/#breadcrumb","itemListElement":[{"@type":"ListItem","position":1,"name":"","item":"https:\/\/www.bionalis.lt\/lt\/"},{"@type":"ListItem","position":2,"name":"Bionalis Wind","item":"https:\/\/www.bionalis.lt\/lt\/bionalis-wind\/"},{"@type":"ListItem","position":3,"name":"Ataskaitos"}]},{"@type":"WebSite","@id":"https:\/\/www.bionalis.lt\/#website","url":"https:\/\/www.bionalis.lt\/","name":"Bionalis","description":"","publisher":{"@id":"https:\/\/www.bionalis.lt\/#organization"},"potentialAction":[{"@type":"SearchAction","target":{"@type":"EntryPoint","urlTemplate":"https:\/\/www.bionalis.lt\/?s={search_term_string}"},"query-input":{"@type":"PropertyValueSpecification","valueRequired":true,"valueName":"search_term_string"}}],"inLanguage":"lt-LT"},{"@type":"Organization","@id":"https:\/\/www.bionalis.lt\/#organization","name":"Bionalis","url":"https:\/\/www.bionalis.lt\/","logo":{"@type":"ImageObject","inLanguage":"lt-LT","@id":"https:\/\/www.bionalis.lt\/#\/schema\/logo\/image\/","url":"https:\/\/www.bionalis.lt\/wp-content\/uploads\/2023\/07\/logo_Bionalis-1.svg","contentUrl":"https:\/\/www.bionalis.lt\/wp-content\/uploads\/2023\/07\/logo_Bionalis-1.svg","width":600,"height":149,"caption":"Bionalis"},"image":{"@id":"https:\/\/www.bionalis.lt\/#\/schema\/logo\/image\/"}}]}},"_links":{"self":[{"href":"https:\/\/www.bionalis.lt\/lt\/wp-json\/wp\/v2\/pages\/8366","targetHints":{"allow":["GET"]}}],"collection":[{"href":"https:\/\/www.bionalis.lt\/lt\/wp-json\/wp\/v2\/pages"}],"about":[{"href":"https:\/\/www.bionalis.lt\/lt\/wp-json\/wp\/v2\/types\/page"}],"author":[{"embeddable":true,"href":"https:\/\/www.bionalis.lt\/lt\/wp-json\/wp\/v2\/users\/1"}],"replies":[{"embeddable":true,"href":"https:\/\/www.bionalis.lt\/lt\/wp-json\/wp\/v2\/comments?post=8366"}],"version-history":[{"count":41,"href":"https:\/\/www.bionalis.lt\/lt\/wp-json\/wp\/v2\/pages\/8366\/revisions"}],"predecessor-version":[{"id":8482,"href":"https:\/\/www.bionalis.lt\/lt\/wp-json\/wp\/v2\/pages\/8366\/revisions\/8482"}],"up":[{"embeddable":true,"href":"https:\/\/www.bionalis.lt\/lt\/wp-json\/wp\/v2\/pages\/4377"}],"wp:attachment":[{"href":"https:\/\/www.bionalis.lt\/lt\/wp-json\/wp\/v2\/media?parent=8366"}],"curies":[{"name":"wp","href":"https:\/\/api.w.org\/{rel}","templated":true}]}}